{"id":19,"date":"2025-10-07T09:36:39","date_gmt":"2025-10-07T09:36:39","guid":{"rendered":"https:\/\/fzdarquitectura.com\/?page_id=19"},"modified":"2025-10-20T08:53:08","modified_gmt":"2025-10-20T08:53:08","slug":"contacto","status":"publish","type":"page","link":"https:\/\/fzdarquitectura.com\/en\/contacto\/","title":{"rendered":"Contacto"},"content":{"rendered":"<div data-elementor-type=\"wp-page\" data-elementor-id=\"19\" class=\"elementor elementor-19\" data-elementor-post-type=\"page\">\n\t\t\t\t<div class=\"elementor-element elementor-element-935aab1 e-con-full e-flex e-con e-parent\" data-id=\"935aab1\" data-element_type=\"container\">\n\t\t\t\t<div class=\"elementor-element elementor-element-6b75c87 elementor--h-position-center elementor--v-position-middle elementor-arrows-position-inside elementor-pagination-position-inside elementor-widget elementor-widget-slides\" data-id=\"6b75c87\" data-element_type=\"widget\" data-settings=\"{&quot;navigation&quot;:&quot;both&quot;,&quot;autoplay&quot;:&quot;yes&quot;,&quot;pause_on_hover&quot;:&quot;yes&quot;,&quot;pause_on_interaction&quot;:&quot;yes&quot;,&quot;autoplay_speed&quot;:5000,&quot;infinite&quot;:&quot;yes&quot;,&quot;transition&quot;:&quot;slide&quot;,&quot;transition_speed&quot;:500}\" data-widget_type=\"slides.default\">\n\t\t\t\t\t\t\t\t\t\t<div class=\"elementor-slides-wrapper elementor-main-swiper swiper\" role=\"region\" aria-roledescription=\"carousel\" aria-label=\"Diapositivas\" dir=\"ltr\" data-animation=\"fadeInUp\">\n\t\t\t\t<div class=\"swiper-wrapper elementor-slides\">\n\t\t\t\t\t\t\t\t\t\t<div class=\"elementor-repeater-item-feaa811 swiper-slide\" role=\"group\" aria-roledescription=\"slide\"><div class=\"swiper-slide-bg elementor-ken-burns elementor-ken-burns--in\" role=\"img\" aria-label=\"DSC04065_0\"><\/div><div class=\"elementor-background-overlay\"><\/div><div class=\"swiper-slide-inner\" ><div class=\"swiper-slide-contents\"><div class=\"elementor-slide-heading\">contacta con nosotros<\/div><\/div><\/div><\/div>\t\t\t\t<\/div>\n\t\t\t\t\t\t\t<\/div>\n\t\t\t\t\t\t\t\t<\/div>\n\t\t\t\t<\/div>\n\t\t<div class=\"elementor-element elementor-element-7b863f4 e-con-full e-flex e-con e-parent\" data-id=\"7b863f4\" data-element_type=\"container\" data-settings=\"{&quot;background_background&quot;:&quot;classic&quot;}\">\n\t\t\t\t<div class=\"elementor-element elementor-element-7888d44 elementor-widget elementor-widget-heading\" data-id=\"7888d44\" data-element_type=\"widget\" data-widget_type=\"heading.default\">\n\t\t\t\t\t<h2 class=\"elementor-heading-title elementor-size-default\">escr\u00edbenos<\/h2>\t\t\t\t<\/div>\n\t\t\t\t<\/div>\n\t\t<div class=\"elementor-element elementor-element-a0e135e e-flex e-con-boxed e-con e-parent\" data-id=\"a0e135e\" data-element_type=\"container\">\n\t\t\t\t\t<div class=\"e-con-inner\">\n\t\t<div class=\"elementor-element elementor-element-bae1f72 e-con-full e-flex e-con e-child\" data-id=\"bae1f72\" data-element_type=\"container\">\n\t\t\t\t<div class=\"elementor-element elementor-element-89e85d2 elementor-widget elementor-widget-heading\" data-id=\"89e85d2\" data-element_type=\"widget\" data-widget_type=\"heading.default\">\n\t\t\t\t\t<h2 class=\"elementor-heading-title elementor-size-default\">Contacta con nosotros<\/h2>\t\t\t\t<\/div>\n\t\t\t\t<div class=\"elementor-element elementor-element-c2c757e elementor-widget elementor-widget-text-editor\" data-id=\"c2c757e\" data-element_type=\"widget\" data-widget_type=\"text-editor.default\">\n\t\t\t\t\t\t\t\t\t<p data-start=\"206\" data-end=\"403\">En <strong data-start=\"209\" data-end=\"229\">FZD Arquitectura<\/strong> estamos siempre abiertos a nuevas ideas, proyectos y colaboraciones.<br data-start=\"298\" data-end=\"301\" \/>Si deseas m\u00e1s informaci\u00f3n o quieres agendar una reuni\u00f3n con nuestro equipo, no dudes en escribirnos.<\/p><p data-start=\"405\" data-end=\"528\">\ud83d\udccd <strong data-start=\"408\" data-end=\"422\">Direcci\u00f3n:<\/strong> <span data-sheets-root=\"1\">Calle Narciso Serra, 18 6D,Madrid<\/span><br data-start=\"442\" data-end=\"445\" \/>\ud83d\udcde <strong data-start=\"448\" data-end=\"461\">Tel\u00e9fono:<\/strong> <span data-sheets-root=\"1\">626373435<\/span><br data-start=\"485\" data-end=\"488\" \/>\u2709\ufe0f <strong data-start=\"491\" data-end=\"514\">Correo electr\u00f3nico:<\/strong> info@fdzarquitectura.com<\/p><p data-start=\"530\" data-end=\"670\">Tambi\u00e9n puedes rellenar el formulario y nos pondremos en contacto contigo lo antes posible.<br data-start=\"621\" data-end=\"624\" \/><strong data-start=\"624\" data-end=\"670\">Tu proyecto comienza con una conversaci\u00f3n.<\/strong><\/p>\t\t\t\t\t\t\t\t<\/div>\n\t\t\t\t<\/div>\n\t\t<div class=\"elementor-element elementor-element-a9746bc e-con-full e-flex e-con e-child\" data-id=\"a9746bc\" data-element_type=\"container\">\n\t\t\t\t<div class=\"elementor-element elementor-element-d205917 elementor-button-align-stretch elementor-widget elementor-widget-form\" data-id=\"d205917\" data-element_type=\"widget\" data-settings=\"{&quot;step_next_label&quot;:&quot;Next&quot;,&quot;step_previous_label&quot;:&quot;Previous&quot;,&quot;button_width&quot;:&quot;100&quot;,&quot;step_type&quot;:&quot;number_text&quot;,&quot;step_icon_shape&quot;:&quot;circle&quot;}\" data-widget_type=\"form.default\">\n\t\t\t\t\t\t\t<form class=\"elementor-form\" method=\"post\" name=\"New Form\" aria-label=\"New Form\" action=\"\">\n\t\t\t<input type=\"hidden\" name=\"post_id\" value=\"19\"\/>\n\t\t\t<input type=\"hidden\" name=\"form_id\" value=\"d205917\"\/>\n\t\t\t<input type=\"hidden\" name=\"referer_title\" value=\"Contacto - FZD Arquitectura\" \/>\n\n\t\t\t\t\t\t\t<input type=\"hidden\" name=\"queried_id\" value=\"19\"\/>\n\t\t\t\n\t\t\t<div class=\"elementor-form-fields-wrapper elementor-labels-above\">\n\t\t\t\t\t\t\t\t<div class=\"elementor-field-type-text elementor-field-group elementor-column elementor-field-group-name elementor-col-100\">\n\t\t\t\t\t\t\t\t\t\t\t\t<label for=\"form-field-name\" class=\"elementor-field-label\">\n\t\t\t\t\t\t\t\tIntroduce tu nombre\t\t\t\t\t\t\t<\/label>\n\t\t\t\t\t\t\t\t\t\t\t\t\t\t<input size=\"1\" type=\"text\" name=\"form_fields[name]\" id=\"form-field-name\" class=\"elementor-field elementor-size-sm  elementor-field-textual\" placeholder=\"Introduce tu nombre\">\n\t\t\t\t\t\t\t\t\t\t\t<\/div>\n\t\t\t\t\t\t\t\t<div class=\"elementor-field-type-email elementor-field-group elementor-column elementor-field-group-email elementor-col-100 elementor-field-required\">\n\t\t\t\t\t\t\t\t\t\t\t\t<label for=\"form-field-email\" class=\"elementor-field-label\">\n\t\t\t\t\t\t\t\tIntroduce tu correo electr\u00f3nico\t\t\t\t\t\t\t<\/label>\n\t\t\t\t\t\t\t\t\t\t\t\t\t\t<input size=\"1\" type=\"email\" name=\"form_fields[email]\" id=\"form-field-email\" class=\"elementor-field elementor-size-sm  elementor-field-textual\" placeholder=\"Introduce tu correo electr\u00f3nico\" required=\"required\">\n\t\t\t\t\t\t\t\t\t\t\t<\/div>\n\t\t\t\t\t\t\t\t<div class=\"elementor-field-type-textarea elementor-field-group elementor-column elementor-field-group-message elementor-col-100\">\n\t\t\t\t\t\t\t\t\t\t\t\t<label for=\"form-field-message\" class=\"elementor-field-label\">\n\t\t\t\t\t\t\t\tIntroduce tu mensaje\t\t\t\t\t\t\t<\/label>\n\t\t\t\t\t\t<textarea class=\"elementor-field-textual elementor-field  elementor-size-sm\" name=\"form_fields[message]\" id=\"form-field-message\" rows=\"4\" placeholder=\"Introduce tu mensaje\"><\/textarea>\t\t\t\t<\/div>\n\t\t\t\t\t\t\t\t<div class=\"elementor-field-type-recaptcha_v3 elementor-field-group elementor-column elementor-field-group-field_0ae26ca elementor-col-100 recaptcha_v3-bottomright\">\n\t\t\t\t\t<div class=\"elementor-field\" id=\"form-field-field_0ae26ca\"><div class=\"elementor-g-recaptcha\" data-sitekey=\"6Ld5k-0rAAAAAPIgVlIZBKe4JigmiPxUjclfAGNr\" data-type=\"v3\" data-action=\"Form\" data-badge=\"bottomright\" data-size=\"invisible\"><\/div><\/div>\t\t\t\t<\/div>\n\t\t\t\t\t\t\t\t<div class=\"elementor-field-type-acceptance elementor-field-group elementor-column elementor-field-group-field_6817ddb elementor-col-100 elementor-field-required\">\n\t\t\t\t\t\t\t\t\t\t\t\t<label for=\"form-field-field_6817ddb\" class=\"elementor-field-label\">\n\t\t\t\t\t\t\t\tT\u00e9rminos y condiciones\t\t\t\t\t\t\t<\/label>\n\t\t\t\t\t\t\t\t<div class=\"elementor-field-subgroup\">\n\t\t\t<span class=\"elementor-field-option\">\n\t\t\t\t<input type=\"checkbox\" name=\"form_fields[field_6817ddb]\" id=\"form-field-field_6817ddb\" class=\"elementor-field elementor-size-sm  elementor-acceptance-field\" required=\"required\">\n\t\t\t\t<label for=\"form-field-field_6817ddb\">Acepto los t\u00e9rminos y condiciones de este sitio<\/label>\t\t\t<\/span>\n\t\t<\/div>\n\t\t\t\t\t\t<\/div>\n\t\t\t\t\t\t\t\t<div class=\"elementor-field-group elementor-column elementor-field-type-submit elementor-col-100 e-form__buttons\">\n\t\t\t\t\t<button class=\"elementor-button elementor-size-sm\" type=\"submit\">\n\t\t\t\t\t\t<span class=\"elementor-button-content-wrapper\">\n\t\t\t\t\t\t\t\t\t\t\t\t\t\t\t\t\t\t\t\t\t\t<span class=\"elementor-button-text\">Send<\/span>\n\t\t\t\t\t\t\t\t\t\t\t\t\t<\/span>\n\t\t\t\t\t<\/button>\n\t\t\t\t<\/div>\n\t\t\t<\/div>\n\t\t<input type=\"hidden\" name=\"trp-form-language\" value=\"en\"\/><\/form>\n\t\t\t\t\t\t<\/div>\n\t\t\t\t<\/div>\n\t\t\t\t\t<\/div>\n\t\t\t\t<\/div>\n\t\t\t\t<\/div>","protected":false},"excerpt":{"rendered":"<p>contacta con nosotros escr\u00edbenos Contacta con nosotros En FZD Arquitectura estamos siempre abiertos a nuevas ideas, proyectos y colaboraciones.Si deseas m\u00e1s informaci\u00f3n o quieres agendar una reuni\u00f3n con nuestro equipo, no dudes en escribirnos. \ud83d\udccd Direcci\u00f3n: Calle Narciso Serra, 18 6D,Madrid\ud83d\udcde Tel\u00e9fono: 626373435\u2709\ufe0f Correo electr\u00f3nico: info@fdzarquitectura.com Tambi\u00e9n puedes rellenar el formulario y nos pondremos en [&hellip;]<\/p>","protected":false},"author":1,"featured_media":0,"parent":0,"menu_order":0,"comment_status":"closed","ping_status":"closed","template":"elementor_header_footer","meta":{"footnotes":""},"class_list":["post-19","page","type-page","status-publish","hentry"],"yoast_head":"<!-- This site is optimized with the Yoast SEO plugin v26.1 - https:\/\/yoast.com\/wordpress\/plugins\/seo\/ -->\n<title>Contacto - FZD Arquitectura<\/title>\n<meta name=\"robots\" content=\"index, follow, max-snippet:-1, max-image-preview:large, max-video-preview:-1\" \/>\n<link rel=\"canonical\" href=\"https:\/\/fzdarquitectura.com\/en\/contacto\/\" \/>\n<meta property=\"og:locale\" content=\"en_US\" \/>\n<meta property=\"og:type\" content=\"article\" \/>\n<meta property=\"og:title\" content=\"Contacto - FZD Arquitectura\" \/>\n<meta property=\"og:description\" content=\"contacta con nosotros escr\u00edbenos Contacta con nosotros En FZD Arquitectura estamos siempre abiertos a nuevas ideas, proyectos y colaboraciones.Si deseas m\u00e1s informaci\u00f3n o quieres agendar una reuni\u00f3n con nuestro equipo, no dudes en escribirnos. \ud83d\udccd Direcci\u00f3n: Calle Narciso Serra, 18 6D,Madrid\ud83d\udcde Tel\u00e9fono: 626373435\u2709\ufe0f Correo electr\u00f3nico: info@fdzarquitectura.com Tambi\u00e9n puedes rellenar el formulario y nos pondremos en [&hellip;]\" \/>\n<meta property=\"og:url\" content=\"https:\/\/fzdarquitectura.com\/en\/contacto\/\" \/>\n<meta property=\"og:site_name\" content=\"FZD Arquitectura\" \/>\n<meta property=\"article:modified_time\" content=\"2025-10-20T08:53:08+00:00\" \/>\n<meta name=\"twitter:card\" content=\"summary_large_image\" \/>\n<meta name=\"twitter:label1\" content=\"Est. reading time\" \/>\n\t<meta name=\"twitter:data1\" content=\"1 minute\" \/>\n<script type=\"application\/ld+json\" class=\"yoast-schema-graph\">{\"@context\":\"https:\/\/schema.org\",\"@graph\":[{\"@type\":\"WebPage\",\"@id\":\"https:\/\/fzdarquitectura.com\/contacto\/\",\"url\":\"https:\/\/fzdarquitectura.com\/contacto\/\",\"name\":\"Contacto - FZD Arquitectura\",\"isPartOf\":{\"@id\":\"https:\/\/fzdarquitectura.com\/#website\"},\"datePublished\":\"2025-10-07T09:36:39+00:00\",\"dateModified\":\"2025-10-20T08:53:08+00:00\",\"breadcrumb\":{\"@id\":\"https:\/\/fzdarquitectura.com\/contacto\/#breadcrumb\"},\"inLanguage\":\"en-AU\",\"potentialAction\":[{\"@type\":\"ReadAction\",\"target\":[\"https:\/\/fzdarquitectura.com\/contacto\/\"]}]},{\"@type\":\"BreadcrumbList\",\"@id\":\"https:\/\/fzdarquitectura.com\/contacto\/#breadcrumb\",\"itemListElement\":[{\"@type\":\"ListItem\",\"position\":1,\"name\":\"Home\",\"item\":\"https:\/\/fzdarquitectura.com\/\"},{\"@type\":\"ListItem\",\"position\":2,\"name\":\"Contacto\"}]},{\"@type\":\"WebSite\",\"@id\":\"https:\/\/fzdarquitectura.com\/#website\",\"url\":\"https:\/\/fzdarquitectura.com\/\",\"name\":\"FZD Arquitectura\",\"description\":\"FZD Arquitectura - Nuestro sitio web.\",\"potentialAction\":[{\"@type\":\"SearchAction\",\"target\":{\"@type\":\"EntryPoint\",\"urlTemplate\":\"https:\/\/fzdarquitectura.com\/?s={search_term_string}\"},\"query-input\":{\"@type\":\"PropertyValueSpecification\",\"valueRequired\":true,\"valueName\":\"search_term_string\"}}],\"inLanguage\":\"en-AU\"}]}<\/script>\n<!-- \/ Yoast SEO plugin. -->","yoast_head_json":{"title":"Contacto - FZD Arquitectura","robots":{"index":"index","follow":"follow","max-snippet":"max-snippet:-1","max-image-preview":"max-image-preview:large","max-video-preview":"max-video-preview:-1"},"canonical":"https:\/\/fzdarquitectura.com\/en\/contacto\/","og_locale":"en_US","og_type":"article","og_title":"Contacto - FZD Arquitectura","og_description":"contacta con nosotros escr\u00edbenos Contacta con nosotros En FZD Arquitectura estamos siempre abiertos a nuevas ideas, proyectos y colaboraciones.Si deseas m\u00e1s informaci\u00f3n o quieres agendar una reuni\u00f3n con nuestro equipo, no dudes en escribirnos. \ud83d\udccd Direcci\u00f3n: Calle Narciso Serra, 18 6D,Madrid\ud83d\udcde Tel\u00e9fono: 626373435\u2709\ufe0f Correo electr\u00f3nico: info@fdzarquitectura.com Tambi\u00e9n puedes rellenar el formulario y nos pondremos en [&hellip;]","og_url":"https:\/\/fzdarquitectura.com\/en\/contacto\/","og_site_name":"FZD Arquitectura","article_modified_time":"2025-10-20T08:53:08+00:00","twitter_card":"summary_large_image","twitter_misc":{"Est. reading time":"1 minute"},"schema":{"@context":"https:\/\/schema.org","@graph":[{"@type":"WebPage","@id":"https:\/\/fzdarquitectura.com\/contacto\/","url":"https:\/\/fzdarquitectura.com\/contacto\/","name":"Contacto - FZD Arquitectura","isPartOf":{"@id":"https:\/\/fzdarquitectura.com\/#website"},"datePublished":"2025-10-07T09:36:39+00:00","dateModified":"2025-10-20T08:53:08+00:00","breadcrumb":{"@id":"https:\/\/fzdarquitectura.com\/contacto\/#breadcrumb"},"inLanguage":"en-AU","potentialAction":[{"@type":"ReadAction","target":["https:\/\/fzdarquitectura.com\/contacto\/"]}]},{"@type":"BreadcrumbList","@id":"https:\/\/fzdarquitectura.com\/contacto\/#breadcrumb","itemListElement":[{"@type":"ListItem","position":1,"name":"Home","item":"https:\/\/fzdarquitectura.com\/"},{"@type":"ListItem","position":2,"name":"Contacto"}]},{"@type":"WebSite","@id":"https:\/\/fzdarquitectura.com\/#website","url":"https:\/\/fzdarquitectura.com\/","name":"FZD Arquitectura","description":"FZD Arquitectura - Nuestro sitio web.","potentialAction":[{"@type":"SearchAction","target":{"@type":"EntryPoint","urlTemplate":"https:\/\/fzdarquitectura.com\/?s={search_term_string}"},"query-input":{"@type":"PropertyValueSpecification","valueRequired":true,"valueName":"search_term_string"}}],"inLanguage":"en-AU"}]}},"_links":{"self":[{"href":"https:\/\/fzdarquitectura.com\/en\/wp-json\/wp\/v2\/pages\/19","targetHints":{"allow":["GET"]}}],"collection":[{"href":"https:\/\/fzdarquitectura.com\/en\/wp-json\/wp\/v2\/pages"}],"about":[{"href":"https:\/\/fzdarquitectura.com\/en\/wp-json\/wp\/v2\/types\/page"}],"author":[{"embeddable":true,"href":"https:\/\/fzdarquitectura.com\/en\/wp-json\/wp\/v2\/users\/1"}],"replies":[{"embeddable":true,"href":"https:\/\/fzdarquitectura.com\/en\/wp-json\/wp\/v2\/comments?post=19"}],"version-history":[{"count":16,"href":"https:\/\/fzdarquitectura.com\/en\/wp-json\/wp\/v2\/pages\/19\/revisions"}],"predecessor-version":[{"id":294,"href":"https:\/\/fzdarquitectura.com\/en\/wp-json\/wp\/v2\/pages\/19\/revisions\/294"}],"wp:attachment":[{"href":"https:\/\/fzdarquitectura.com\/en\/wp-json\/wp\/v2\/media?parent=19"}],"curies":[{"name":"wp","href":"https:\/\/api.w.org\/{rel}","templated":true}]}}