{"id":17,"date":"2025-10-07T09:36:21","date_gmt":"2025-10-07T09:36:21","guid":{"rendered":"https:\/\/fzdarquitectura.com\/?page_id=17"},"modified":"2026-01-15T14:47:17","modified_gmt":"2026-01-15T14:47:17","slug":"sobre-nosotros","status":"publish","type":"page","link":"https:\/\/fzdarquitectura.com\/en\/sobre-nosotros\/","title":{"rendered":"Sobre nosotros"},"content":{"rendered":"<div data-elementor-type=\"wp-page\" data-elementor-id=\"17\" class=\"elementor elementor-17\" data-elementor-post-type=\"page\">\n\t\t\t\t<div class=\"elementor-element elementor-element-2d09693 e-con-full e-flex e-con e-parent\" data-id=\"2d09693\" data-element_type=\"container\">\n\t\t\t\t<div class=\"elementor-element elementor-element-ec356d1 elementor--h-position-center elementor--v-position-middle elementor-arrows-position-inside elementor-pagination-position-inside elementor-widget elementor-widget-slides\" data-id=\"ec356d1\" data-element_type=\"widget\" data-settings=\"{&quot;navigation&quot;:&quot;both&quot;,&quot;autoplay&quot;:&quot;yes&quot;,&quot;pause_on_hover&quot;:&quot;yes&quot;,&quot;pause_on_interaction&quot;:&quot;yes&quot;,&quot;autoplay_speed&quot;:5000,&quot;infinite&quot;:&quot;yes&quot;,&quot;transition&quot;:&quot;slide&quot;,&quot;transition_speed&quot;:500}\" data-widget_type=\"slides.default\">\n\t\t\t\t\t\t\t\t\t\t<div class=\"elementor-slides-wrapper elementor-main-swiper swiper\" role=\"region\" aria-roledescription=\"carousel\" aria-label=\"Diapositivas\" dir=\"ltr\" data-animation=\"fadeInUp\">\n\t\t\t\t<div class=\"swiper-wrapper elementor-slides\">\n\t\t\t\t\t\t\t\t\t\t<div class=\"elementor-repeater-item-feaa811 swiper-slide\" role=\"group\" aria-roledescription=\"slide\"><div class=\"swiper-slide-bg elementor-ken-burns elementor-ken-burns--in\" role=\"img\" aria-label=\"The British Museum during the evening in the Bloomsbury area of London in the UK\"><\/div><div class=\"elementor-background-overlay\"><\/div><div class=\"swiper-slide-inner\" ><div class=\"swiper-slide-contents\"><div class=\"elementor-slide-heading\">sobre nosotros<\/div><div class=\"elementor-slide-description\">En FZD Arquitectura creemos que cada proyecto es una oportunidad para transformar el espacio en una experiencia \u00fanica. Nos especializamos en el dise\u00f1o arquitect\u00f3nico contempor\u00e1neo, combinando est\u00e9tica, funcionalidad y sostenibilidad para crear obras que perduran en el tiempo.<\/div><\/div><\/div><\/div>\t\t\t\t<\/div>\n\t\t\t\t\t\t\t<\/div>\n\t\t\t\t\t\t\t\t<\/div>\n\t\t\t\t<\/div>\n\t\t<div class=\"elementor-element elementor-element-225b565 e-con-full e-flex e-con e-parent\" data-id=\"225b565\" data-element_type=\"container\" data-settings=\"{&quot;background_background&quot;:&quot;classic&quot;}\">\n\t\t\t\t<div class=\"elementor-element elementor-element-86e1768 elementor-widget elementor-widget-heading\" data-id=\"86e1768\" data-element_type=\"widget\" data-widget_type=\"heading.default\">\n\t\t\t\t\t<h2 class=\"elementor-heading-title elementor-size-default\">Sobre Nosotros<\/h2>\t\t\t\t<\/div>\n\t\t\t\t<\/div>\n\t\t<div class=\"elementor-element elementor-element-282fe2f e-flex e-con-boxed e-con e-parent\" data-id=\"282fe2f\" data-element_type=\"container\">\n\t\t\t\t\t<div class=\"e-con-inner\">\n\t\t<div class=\"elementor-element elementor-element-b600f21 e-con-full e-flex elementor-invisible e-con e-child\" data-id=\"b600f21\" data-element_type=\"container\" data-settings=\"{&quot;animation&quot;:&quot;fadeIn&quot;}\">\n\t\t\t\t<div class=\"elementor-element elementor-element-1f5ed30 elementor-widget elementor-widget-heading\" data-id=\"1f5ed30\" data-element_type=\"widget\" data-widget_type=\"heading.default\">\n\t\t\t\t\t<h2 class=\"elementor-heading-title elementor-size-default\">Nuestra Filosof\u00eda<\/h2>\t\t\t\t<\/div>\n\t\t\t\t<div class=\"elementor-element elementor-element-fefb7ca elementor-widget elementor-widget-text-editor\" data-id=\"fefb7ca\" data-element_type=\"widget\" data-widget_type=\"text-editor.default\">\n\t\t\t\t\t\t\t\t\t<p data-start=\"243\" data-end=\"524\">En <strong data-start=\"246\" data-end=\"266\">FZD Arquitectura<\/strong> entendemos la arquitectura como una disciplina que une arte, t\u00e9cnica y sensibilidad. Nuestro estudio nace con la misi\u00f3n de <strong data-start=\"390\" data-end=\"445\">crear espacios funcionales, est\u00e9ticos y sostenibles<\/strong>, capaces de mejorar la vida de las personas y el entorno urbano que los rodea.<\/p><p data-start=\"526\" data-end=\"822\">Nuestro equipo est\u00e1 formado por arquitectos y dise\u00f1adores comprometidos con la excelencia, la innovaci\u00f3n y la precisi\u00f3n en cada detalle. Trabajamos cada proyecto como un proceso colaborativo, escuchando las necesidades de nuestros clientes y transform\u00e1ndolas en soluciones arquitect\u00f3nicas \u00fanicas.<\/p><p data-start=\"824\" data-end=\"1002\">Creemos en la arquitectura como un lenguaje capaz de contar historias. En cada obra, buscamos el equilibrio entre forma y funci\u00f3n, tradici\u00f3n y modernidad, emoci\u00f3n y racionalidad.<\/p>\t\t\t\t\t\t\t\t<\/div>\n\t\t\t\t<\/div>\n\t\t<div class=\"elementor-element elementor-element-7626652 e-con-full e-flex elementor-invisible e-con e-child\" data-id=\"7626652\" data-element_type=\"container\" data-settings=\"{&quot;animation&quot;:&quot;fadeIn&quot;}\">\n\t\t\t\t<div class=\"elementor-element elementor-element-f723def elementor-widget elementor-widget-image\" data-id=\"f723def\" data-element_type=\"widget\" data-widget_type=\"image.default\">\n\t\t\t\t\t\t\t\t\t\t\t\t\t\t\t<img fetchpriority=\"high\" decoding=\"async\" width=\"800\" height=\"534\" src=\"https:\/\/fzdarquitectura.com\/wp-content\/uploads\/2025\/10\/interrior-plano-vacio-con-elementos-de-decoracion-1024x683.jpg\" class=\"attachment-large size-large wp-image-188\" alt=\"\" srcset=\"https:\/\/fzdarquitectura.com\/wp-content\/uploads\/2025\/10\/interrior-plano-vacio-con-elementos-de-decoracion-1024x683.jpg 1024w, https:\/\/fzdarquitectura.com\/wp-content\/uploads\/2025\/10\/interrior-plano-vacio-con-elementos-de-decoracion-300x200.jpg 300w, https:\/\/fzdarquitectura.com\/wp-content\/uploads\/2025\/10\/interrior-plano-vacio-con-elementos-de-decoracion-768x512.jpg 768w, https:\/\/fzdarquitectura.com\/wp-content\/uploads\/2025\/10\/interrior-plano-vacio-con-elementos-de-decoracion-1536x1024.jpg 1536w, https:\/\/fzdarquitectura.com\/wp-content\/uploads\/2025\/10\/interrior-plano-vacio-con-elementos-de-decoracion-2048x1365.jpg 2048w\" sizes=\"(max-width: 800px) 100vw, 800px\" \/>\t\t\t\t\t\t\t\t\t\t\t\t\t\t\t<\/div>\n\t\t\t\t<\/div>\n\t\t\t\t\t<\/div>\n\t\t\t\t<\/div>\n\t\t<div class=\"elementor-element elementor-element-1c63982 e-flex e-con-boxed e-con e-parent\" data-id=\"1c63982\" data-element_type=\"container\" data-settings=\"{&quot;background_background&quot;:&quot;classic&quot;}\">\n\t\t\t\t\t<div class=\"e-con-inner\">\n\t\t<div class=\"elementor-element elementor-element-891f31d e-con-full e-flex elementor-invisible e-con e-child\" data-id=\"891f31d\" data-element_type=\"container\" data-settings=\"{&quot;animation&quot;:&quot;fadeIn&quot;}\">\n\t\t\t\t<div class=\"elementor-element elementor-element-0d5ef53 elementor-widget elementor-widget-heading\" data-id=\"0d5ef53\" data-element_type=\"widget\" data-widget_type=\"heading.default\">\n\t\t\t\t\t<h2 class=\"elementor-heading-title elementor-size-default\">Cada proyecto lo abordamos desde una visi\u00f3n global.<\/h2>\t\t\t\t<\/div>\n\t\t\t\t<div class=\"elementor-element elementor-element-75bf47e elementor-widget elementor-widget-text-editor\" data-id=\"75bf47e\" data-element_type=\"widget\" data-widget_type=\"text-editor.default\">\n\t\t\t\t\t\t\t\t\t<p data-start=\"835\" data-end=\"1088\">desde el estudio inicial y la planificaci\u00f3n t\u00e9cnica hasta la direcci\u00f3n de obra y el interiorismo. Nos caracteriza la <strong data-start=\"1004\" data-end=\"1085\">precisi\u00f3n en el detalle, la eficiencia constructiva y la calidad en el dise\u00f1o<\/strong>.<\/p><p data-start=\"1090\" data-end=\"1290\">El equipo de <strong data-start=\"1103\" data-end=\"1123\">FZD Arquitectura<\/strong> est\u00e1 formado por profesionales con amplia experiencia en arquitectura, urbanismo y gesti\u00f3n t\u00e9cnica, comprometidos con crear espacios \u00fanicos, eficientes y duraderos<\/p>\t\t\t\t\t\t\t\t<\/div>\n\t\t\t\t<\/div>\n\t\t<div class=\"elementor-element elementor-element-24a49eb e-con-full e-flex elementor-invisible e-con e-child\" data-id=\"24a49eb\" data-element_type=\"container\" data-settings=\"{&quot;animation&quot;:&quot;fadeIn&quot;}\">\n\t\t\t\t<div class=\"elementor-element elementor-element-369184c elementor-widget elementor-widget-image\" data-id=\"369184c\" data-element_type=\"widget\" data-widget_type=\"image.default\">\n\t\t\t\t\t\t\t\t\t\t\t\t\t\t\t<img decoding=\"async\" width=\"800\" height=\"534\" src=\"https:\/\/fzdarquitectura.com\/wp-content\/uploads\/2025\/10\/arcaid-images-awards-2017-col_9-1024x683.jpg\" class=\"attachment-large size-large wp-image-128\" alt=\"\" srcset=\"https:\/\/fzdarquitectura.com\/wp-content\/uploads\/2025\/10\/arcaid-images-awards-2017-col_9-1024x683.jpg 1024w, https:\/\/fzdarquitectura.com\/wp-content\/uploads\/2025\/10\/arcaid-images-awards-2017-col_9-300x200.jpg 300w, https:\/\/fzdarquitectura.com\/wp-content\/uploads\/2025\/10\/arcaid-images-awards-2017-col_9-768x512.jpg 768w, https:\/\/fzdarquitectura.com\/wp-content\/uploads\/2025\/10\/arcaid-images-awards-2017-col_9.jpg 1200w\" sizes=\"(max-width: 800px) 100vw, 800px\" \/>\t\t\t\t\t\t\t\t\t\t\t\t\t\t\t<\/div>\n\t\t\t\t<\/div>\n\t\t\t\t\t<\/div>\n\t\t\t\t<\/div>\n\t\t\t\t<\/div>","protected":false},"excerpt":{"rendered":"<p>sobre nosotrosEn FZD Arquitectura creemos que cada proyecto es una oportunidad para transformar el espacio en una experiencia \u00fanica. Nos especializamos en el dise\u00f1o arquitect\u00f3nico contempor\u00e1neo, combinando est\u00e9tica, funcionalidad y sostenibilidad para crear obras que perduran en el tiempo. Sobre Nosotros Nuestra Filosof\u00eda En FZD Arquitectura entendemos la arquitectura como una disciplina que une arte, [&hellip;]<\/p>","protected":false},"author":1,"featured_media":0,"parent":0,"menu_order":0,"comment_status":"closed","ping_status":"closed","template":"elementor_header_footer","meta":{"footnotes":""},"class_list":["post-17","page","type-page","status-publish","hentry"],"yoast_head":"<!-- This site is optimized with the Yoast SEO plugin v26.1 - https:\/\/yoast.com\/wordpress\/plugins\/seo\/ -->\n<title>Sobre nosotros - FZD Arquitectura - Arquitecto en Madrid<\/title>\n<meta name=\"description\" content=\"Arquitecto en Madrid especializado en dise\u00f1o, reformas y obra nueva. Proyectos personalizados, eficientes y adaptados a cada cliente.\" \/>\n<meta name=\"robots\" content=\"index, follow, max-snippet:-1, max-image-preview:large, max-video-preview:-1\" \/>\n<link rel=\"canonical\" href=\"https:\/\/fzdarquitectura.com\/en\/sobre-nosotros\/\" \/>\n<meta property=\"og:locale\" content=\"en_US\" \/>\n<meta property=\"og:type\" content=\"article\" \/>\n<meta property=\"og:title\" content=\"Sobre nosotros - FZD Arquitectura - Arquitecto en Madrid\" \/>\n<meta property=\"og:description\" content=\"Arquitecto en Madrid especializado en dise\u00f1o, reformas y obra nueva. Proyectos personalizados, eficientes y adaptados a cada cliente.\" \/>\n<meta property=\"og:url\" content=\"https:\/\/fzdarquitectura.com\/en\/sobre-nosotros\/\" \/>\n<meta property=\"og:site_name\" content=\"FZD Arquitectura\" \/>\n<meta property=\"article:modified_time\" content=\"2026-01-15T14:47:17+00:00\" \/>\n<meta property=\"og:image\" content=\"https:\/\/fzdarquitectura.com\/wp-content\/uploads\/2025\/10\/interrior-plano-vacio-con-elementos-de-decoracion-1024x683.jpg\" \/>\n<meta name=\"twitter:card\" content=\"summary_large_image\" \/>\n<meta name=\"twitter:label1\" content=\"Est. reading time\" \/>\n\t<meta name=\"twitter:data1\" content=\"2 minutes\" \/>\n<script type=\"application\/ld+json\" class=\"yoast-schema-graph\">{\"@context\":\"https:\/\/schema.org\",\"@graph\":[{\"@type\":\"WebPage\",\"@id\":\"https:\/\/fzdarquitectura.com\/sobre-nosotros\/\",\"url\":\"https:\/\/fzdarquitectura.com\/sobre-nosotros\/\",\"name\":\"Sobre nosotros - FZD Arquitectura - Arquitecto en Madrid\",\"isPartOf\":{\"@id\":\"https:\/\/fzdarquitectura.com\/#website\"},\"primaryImageOfPage\":{\"@id\":\"https:\/\/fzdarquitectura.com\/sobre-nosotros\/#primaryimage\"},\"image\":{\"@id\":\"https:\/\/fzdarquitectura.com\/sobre-nosotros\/#primaryimage\"},\"thumbnailUrl\":\"https:\/\/fzdarquitectura.com\/wp-content\/uploads\/2025\/10\/interrior-plano-vacio-con-elementos-de-decoracion-1024x683.jpg\",\"datePublished\":\"2025-10-07T09:36:21+00:00\",\"dateModified\":\"2026-01-15T14:47:17+00:00\",\"description\":\"Arquitecto en Madrid especializado en dise\u00f1o, reformas y obra nueva. Proyectos personalizados, eficientes y adaptados a cada cliente.\",\"breadcrumb\":{\"@id\":\"https:\/\/fzdarquitectura.com\/sobre-nosotros\/#breadcrumb\"},\"inLanguage\":\"en-AU\",\"potentialAction\":[{\"@type\":\"ReadAction\",\"target\":[\"https:\/\/fzdarquitectura.com\/sobre-nosotros\/\"]}]},{\"@type\":\"ImageObject\",\"inLanguage\":\"en-AU\",\"@id\":\"https:\/\/fzdarquitectura.com\/sobre-nosotros\/#primaryimage\",\"url\":\"https:\/\/fzdarquitectura.com\/wp-content\/uploads\/2025\/10\/interrior-plano-vacio-con-elementos-de-decoracion-1024x683.jpg\",\"contentUrl\":\"https:\/\/fzdarquitectura.com\/wp-content\/uploads\/2025\/10\/interrior-plano-vacio-con-elementos-de-decoracion-1024x683.jpg\"},{\"@type\":\"BreadcrumbList\",\"@id\":\"https:\/\/fzdarquitectura.com\/sobre-nosotros\/#breadcrumb\",\"itemListElement\":[{\"@type\":\"ListItem\",\"position\":1,\"name\":\"Home\",\"item\":\"https:\/\/fzdarquitectura.com\/\"},{\"@type\":\"ListItem\",\"position\":2,\"name\":\"Sobre nosotros\"}]},{\"@type\":\"WebSite\",\"@id\":\"https:\/\/fzdarquitectura.com\/#website\",\"url\":\"https:\/\/fzdarquitectura.com\/\",\"name\":\"FZD Arquitectura\",\"description\":\"FZD Arquitectura - Nuestro sitio web.\",\"potentialAction\":[{\"@type\":\"SearchAction\",\"target\":{\"@type\":\"EntryPoint\",\"urlTemplate\":\"https:\/\/fzdarquitectura.com\/?s={search_term_string}\"},\"query-input\":{\"@type\":\"PropertyValueSpecification\",\"valueRequired\":true,\"valueName\":\"search_term_string\"}}],\"inLanguage\":\"en-AU\"}]}<\/script>\n<!-- \/ Yoast SEO plugin. -->","yoast_head_json":{"title":"Sobre nosotros - FZD Arquitectura - Arquitecto en Madrid","description":"Arquitecto en Madrid especializado en dise\u00f1o, reformas y obra nueva. Proyectos personalizados, eficientes y adaptados a cada cliente.","robots":{"index":"index","follow":"follow","max-snippet":"max-snippet:-1","max-image-preview":"max-image-preview:large","max-video-preview":"max-video-preview:-1"},"canonical":"https:\/\/fzdarquitectura.com\/en\/sobre-nosotros\/","og_locale":"en_US","og_type":"article","og_title":"Sobre nosotros - FZD Arquitectura - Arquitecto en Madrid","og_description":"Arquitecto en Madrid especializado en dise\u00f1o, reformas y obra nueva. Proyectos personalizados, eficientes y adaptados a cada cliente.","og_url":"https:\/\/fzdarquitectura.com\/en\/sobre-nosotros\/","og_site_name":"FZD Arquitectura","article_modified_time":"2026-01-15T14:47:17+00:00","og_image":[{"url":"https:\/\/fzdarquitectura.com\/wp-content\/uploads\/2025\/10\/interrior-plano-vacio-con-elementos-de-decoracion-1024x683.jpg","type":"","width":"","height":""}],"twitter_card":"summary_large_image","twitter_misc":{"Est. reading time":"2 minutes"},"schema":{"@context":"https:\/\/schema.org","@graph":[{"@type":"WebPage","@id":"https:\/\/fzdarquitectura.com\/sobre-nosotros\/","url":"https:\/\/fzdarquitectura.com\/sobre-nosotros\/","name":"Sobre nosotros - FZD Arquitectura - Arquitecto en Madrid","isPartOf":{"@id":"https:\/\/fzdarquitectura.com\/#website"},"primaryImageOfPage":{"@id":"https:\/\/fzdarquitectura.com\/sobre-nosotros\/#primaryimage"},"image":{"@id":"https:\/\/fzdarquitectura.com\/sobre-nosotros\/#primaryimage"},"thumbnailUrl":"https:\/\/fzdarquitectura.com\/wp-content\/uploads\/2025\/10\/interrior-plano-vacio-con-elementos-de-decoracion-1024x683.jpg","datePublished":"2025-10-07T09:36:21+00:00","dateModified":"2026-01-15T14:47:17+00:00","description":"Arquitecto en Madrid especializado en dise\u00f1o, reformas y obra nueva. Proyectos personalizados, eficientes y adaptados a cada cliente.","breadcrumb":{"@id":"https:\/\/fzdarquitectura.com\/sobre-nosotros\/#breadcrumb"},"inLanguage":"en-AU","potentialAction":[{"@type":"ReadAction","target":["https:\/\/fzdarquitectura.com\/sobre-nosotros\/"]}]},{"@type":"ImageObject","inLanguage":"en-AU","@id":"https:\/\/fzdarquitectura.com\/sobre-nosotros\/#primaryimage","url":"https:\/\/fzdarquitectura.com\/wp-content\/uploads\/2025\/10\/interrior-plano-vacio-con-elementos-de-decoracion-1024x683.jpg","contentUrl":"https:\/\/fzdarquitectura.com\/wp-content\/uploads\/2025\/10\/interrior-plano-vacio-con-elementos-de-decoracion-1024x683.jpg"},{"@type":"BreadcrumbList","@id":"https:\/\/fzdarquitectura.com\/sobre-nosotros\/#breadcrumb","itemListElement":[{"@type":"ListItem","position":1,"name":"Home","item":"https:\/\/fzdarquitectura.com\/"},{"@type":"ListItem","position":2,"name":"Sobre nosotros"}]},{"@type":"WebSite","@id":"https:\/\/fzdarquitectura.com\/#website","url":"https:\/\/fzdarquitectura.com\/","name":"FZD Arquitectura","description":"FZD Arquitectura - Nuestro sitio web.","potentialAction":[{"@type":"SearchAction","target":{"@type":"EntryPoint","urlTemplate":"https:\/\/fzdarquitectura.com\/?s={search_term_string}"},"query-input":{"@type":"PropertyValueSpecification","valueRequired":true,"valueName":"search_term_string"}}],"inLanguage":"en-AU"}]}},"_links":{"self":[{"href":"https:\/\/fzdarquitectura.com\/en\/wp-json\/wp\/v2\/pages\/17","targetHints":{"allow":["GET"]}}],"collection":[{"href":"https:\/\/fzdarquitectura.com\/en\/wp-json\/wp\/v2\/pages"}],"about":[{"href":"https:\/\/fzdarquitectura.com\/en\/wp-json\/wp\/v2\/types\/page"}],"author":[{"embeddable":true,"href":"https:\/\/fzdarquitectura.com\/en\/wp-json\/wp\/v2\/users\/1"}],"replies":[{"embeddable":true,"href":"https:\/\/fzdarquitectura.com\/en\/wp-json\/wp\/v2\/comments?post=17"}],"version-history":[{"count":25,"href":"https:\/\/fzdarquitectura.com\/en\/wp-json\/wp\/v2\/pages\/17\/revisions"}],"predecessor-version":[{"id":279,"href":"https:\/\/fzdarquitectura.com\/en\/wp-json\/wp\/v2\/pages\/17\/revisions\/279"}],"wp:attachment":[{"href":"https:\/\/fzdarquitectura.com\/en\/wp-json\/wp\/v2\/media?parent=17"}],"curies":[{"name":"wp","href":"https:\/\/api.w.org\/{rel}","templated":true}]}}