{"id":15,"date":"2025-10-07T09:35:56","date_gmt":"2025-10-07T09:35:56","guid":{"rendered":"https:\/\/fzdarquitectura.com\/?page_id=15"},"modified":"2026-01-15T14:46:49","modified_gmt":"2026-01-15T14:46:49","slug":"noticias","status":"publish","type":"page","link":"https:\/\/fzdarquitectura.com\/en\/noticias\/","title":{"rendered":"Noticias"},"content":{"rendered":"<div data-elementor-type=\"wp-page\" data-elementor-id=\"15\" class=\"elementor elementor-15\" data-elementor-post-type=\"page\">\n\t\t\t\t<div class=\"elementor-element elementor-element-c6d0b72 e-con-full e-flex e-con e-parent\" data-id=\"c6d0b72\" data-element_type=\"container\">\n\t\t\t\t<div class=\"elementor-element elementor-element-7104509 elementor--h-position-center elementor--v-position-middle elementor-arrows-position-inside elementor-pagination-position-inside elementor-widget elementor-widget-slides\" data-id=\"7104509\" data-element_type=\"widget\" data-settings=\"{&quot;navigation&quot;:&quot;both&quot;,&quot;autoplay&quot;:&quot;yes&quot;,&quot;pause_on_hover&quot;:&quot;yes&quot;,&quot;pause_on_interaction&quot;:&quot;yes&quot;,&quot;autoplay_speed&quot;:5000,&quot;infinite&quot;:&quot;yes&quot;,&quot;transition&quot;:&quot;slide&quot;,&quot;transition_speed&quot;:500}\" data-widget_type=\"slides.default\">\n\t\t\t\t\t\t\t\t\t\t<div class=\"elementor-slides-wrapper elementor-main-swiper swiper\" role=\"region\" aria-roledescription=\"carousel\" aria-label=\"Diapositivas\" dir=\"ltr\" data-animation=\"fadeInUp\">\n\t\t\t\t<div class=\"swiper-wrapper elementor-slides\">\n\t\t\t\t\t\t\t\t\t\t<div class=\"elementor-repeater-item-7a210ef swiper-slide\" role=\"group\" aria-roledescription=\"slide\"><div class=\"swiper-slide-bg elementor-ken-burns elementor-ken-burns--in\" role=\"img\" aria-label=\"A low angle greyscale of a building with modern brutalist architecture under the sunlight\"><\/div><div class=\"elementor-background-overlay\"><\/div><div class=\"swiper-slide-inner\" ><div class=\"swiper-slide-contents\"><div class=\"elementor-slide-heading\">noticias<\/div><div class=\"elementor-slide-description\">En FZD Arquitectura nos gusta compartir lo que ocurre dentro y fuera de nuestro estudio. En este espacio encontrar\u00e1s las \u00faltimas novedades, proyectos en desarrollo, publicaciones, premios y colaboraciones que marcan nuestro d\u00eda a d\u00eda.\n\nQueremos que este apartado sea una ventana abierta a nuestro proceso creativo, a los avances de nuestras obras y a los temas que nos inspiran: arquitectura, sostenibilidad, dise\u00f1o y ciudad.<\/div><\/div><\/div><\/div>\t\t\t\t<\/div>\n\t\t\t\t\t\t\t<\/div>\n\t\t\t\t\t\t\t\t<\/div>\n\t\t\t\t<\/div>\n\t\t<div class=\"elementor-element elementor-element-d810f48 e-con-full e-flex e-con e-parent\" data-id=\"d810f48\" data-element_type=\"container\" data-settings=\"{&quot;background_background&quot;:&quot;classic&quot;}\">\n\t\t\t\t<div class=\"elementor-element elementor-element-232955e elementor-invisible elementor-widget elementor-widget-heading\" data-id=\"232955e\" data-element_type=\"widget\" data-settings=\"{&quot;_animation&quot;:&quot;fadeIn&quot;}\" data-widget_type=\"heading.default\">\n\t\t\t\t\t<h2 class=\"elementor-heading-title elementor-size-default\">nuestras noticias<\/h2>\t\t\t\t<\/div>\n\t\t\t\t<\/div>\n\t\t<div class=\"elementor-element elementor-element-9bebf1f e-flex e-con-boxed e-con e-parent\" data-id=\"9bebf1f\" data-element_type=\"container\">\n\t\t\t\t\t<div class=\"e-con-inner\">\n\t\t\t\t<div class=\"elementor-element elementor-element-5506df7 elementor-invisible elementor-widget elementor-widget-heading\" data-id=\"5506df7\" data-element_type=\"widget\" data-settings=\"{&quot;_animation&quot;:&quot;fadeIn&quot;}\" data-widget_type=\"heading.default\">\n\t\t\t\t\t<h2 class=\"elementor-heading-title elementor-size-default\">\u00faltimas noticias recientes<\/h2>\t\t\t\t<\/div>\n\t\t\t\t<div class=\"elementor-element elementor-element-4e88902 elementor-grid-3 elementor-grid-tablet-2 elementor-grid-mobile-1 elementor-posts--thumbnail-top elementor-card-shadow-yes elementor-posts__hover-gradient elementor-invisible elementor-widget elementor-widget-posts\" data-id=\"4e88902\" data-element_type=\"widget\" data-settings=\"{&quot;_animation&quot;:&quot;fadeIn&quot;,&quot;cards_columns&quot;:&quot;3&quot;,&quot;cards_columns_tablet&quot;:&quot;2&quot;,&quot;cards_columns_mobile&quot;:&quot;1&quot;,&quot;cards_row_gap&quot;:{&quot;unit&quot;:&quot;px&quot;,&quot;size&quot;:35,&quot;sizes&quot;:[]},&quot;cards_row_gap_tablet&quot;:{&quot;unit&quot;:&quot;px&quot;,&quot;size&quot;:&quot;&quot;,&quot;sizes&quot;:[]},&quot;cards_row_gap_mobile&quot;:{&quot;unit&quot;:&quot;px&quot;,&quot;size&quot;:&quot;&quot;,&quot;sizes&quot;:[]}}\" data-widget_type=\"posts.cards\">\n\t\t\t\t<div class=\"elementor-widget-container\">\n\t\t\t\t\t\t\t<div class=\"elementor-posts-container elementor-posts elementor-posts--skin-cards elementor-grid\" role=\"list\">\n\t\t\t\t<article class=\"elementor-post elementor-grid-item post-220 post type-post status-publish format-standard has-post-thumbnail hentry category-noticias\" role=\"listitem\">\n\t\t\t<div class=\"elementor-post__card\">\n\t\t\t\t<a class=\"elementor-post__thumbnail__link\" href=\"https:\/\/fzdarquitectura.com\/en\/fzd-arquitectura-recibe-reconocimiento-por-su-proyecto-de-interiorismo\/\" tabindex=\"-1\" ><div class=\"elementor-post__thumbnail\"><img fetchpriority=\"high\" decoding=\"async\" width=\"300\" height=\"200\" src=\"https:\/\/fzdarquitectura.com\/wp-content\/uploads\/2025\/10\/interrior-plano-vacio-con-elementos-de-decoracion-300x200.jpg\" class=\"attachment-medium size-medium wp-image-188\" alt=\"\" srcset=\"https:\/\/fzdarquitectura.com\/wp-content\/uploads\/2025\/10\/interrior-plano-vacio-con-elementos-de-decoracion-300x200.jpg 300w, https:\/\/fzdarquitectura.com\/wp-content\/uploads\/2025\/10\/interrior-plano-vacio-con-elementos-de-decoracion-1024x683.jpg 1024w, https:\/\/fzdarquitectura.com\/wp-content\/uploads\/2025\/10\/interrior-plano-vacio-con-elementos-de-decoracion-768x512.jpg 768w, https:\/\/fzdarquitectura.com\/wp-content\/uploads\/2025\/10\/interrior-plano-vacio-con-elementos-de-decoracion-1536x1024.jpg 1536w, https:\/\/fzdarquitectura.com\/wp-content\/uploads\/2025\/10\/interrior-plano-vacio-con-elementos-de-decoracion-2048x1365.jpg 2048w\" sizes=\"(max-width: 300px) 100vw, 300px\" \/><\/div><\/a>\n\t\t\t\t<div class=\"elementor-post__text\">\n\t\t\t\t<h3 class=\"elementor-post__title\">\n\t\t\t<a href=\"https:\/\/fzdarquitectura.com\/en\/fzd-arquitectura-recibe-reconocimiento-por-su-proyecto-de-interiorismo\/\" >\n\t\t\t\tFZD Arquitectura recibe reconocimiento por su proyecto de interiorismo\t\t\t<\/a>\n\t\t<\/h3>\n\t\t\t\t<div class=\"elementor-post__excerpt\">\n\t\t\t<p>El proyecto premiado integra espacios abiertos, iluminaci\u00f3n natural y una combinaci\u00f3n de materiales que potencia la identidad de cada estancia. Este reconocimiento reafirma nuestro compromiso<\/p>\n\t\t<\/div>\n\t\t\n\t\t<a class=\"elementor-post__read-more\" href=\"https:\/\/fzdarquitectura.com\/en\/fzd-arquitectura-recibe-reconocimiento-por-su-proyecto-de-interiorismo\/\" aria-label=\"Read more about FZD Arquitectura recibe reconocimiento por su proyecto de interiorismo\" tabindex=\"-1\" >\n\t\t\tLeer m\u00e1s \u00bb\t\t<\/a>\n\n\t\t\t\t<\/div>\n\t\t\t\t<div class=\"elementor-post__meta-data\">\n\t\t\t\t\t<span class=\"elementor-post-date\">\n\t\t\tOctober 20, 2025\t\t<\/span>\n\t\t\t\t<span class=\"elementor-post-avatar\">\n\t\t\tNo Comments\t\t<\/span>\n\t\t\t\t<\/div>\n\t\t\t\t\t<\/div>\n\t\t<\/article>\n\t\t\t\t<article class=\"elementor-post elementor-grid-item post-215 post type-post status-publish format-standard has-post-thumbnail hentry category-noticias\" role=\"listitem\">\n\t\t\t<div class=\"elementor-post__card\">\n\t\t\t\t<a class=\"elementor-post__thumbnail__link\" href=\"https:\/\/fzdarquitectura.com\/en\/proyecto-destacado-reforma-integral-de-vivienda-en-barcelona\/\" tabindex=\"-1\" ><div class=\"elementor-post__thumbnail\"><img decoding=\"async\" width=\"300\" height=\"300\" src=\"https:\/\/fzdarquitectura.com\/wp-content\/uploads\/2025\/10\/cropped-interior-futurista-de-una-de-las-arquitecturas-en-guangzhou-china-scaled-1-300x300.jpg\" class=\"attachment-medium size-medium wp-image-210\" alt=\"fondo1\" srcset=\"https:\/\/fzdarquitectura.com\/wp-content\/uploads\/2025\/10\/cropped-interior-futurista-de-una-de-las-arquitecturas-en-guangzhou-china-scaled-1-300x300.jpg 300w, https:\/\/fzdarquitectura.com\/wp-content\/uploads\/2025\/10\/cropped-interior-futurista-de-una-de-las-arquitecturas-en-guangzhou-china-scaled-1-150x150.jpg 150w, https:\/\/fzdarquitectura.com\/wp-content\/uploads\/2025\/10\/cropped-interior-futurista-de-una-de-las-arquitecturas-en-guangzhou-china-scaled-1-270x270.jpg 270w, https:\/\/fzdarquitectura.com\/wp-content\/uploads\/2025\/10\/cropped-interior-futurista-de-una-de-las-arquitecturas-en-guangzhou-china-scaled-1-192x192.jpg 192w, https:\/\/fzdarquitectura.com\/wp-content\/uploads\/2025\/10\/cropped-interior-futurista-de-una-de-las-arquitecturas-en-guangzhou-china-scaled-1-180x180.jpg 180w, https:\/\/fzdarquitectura.com\/wp-content\/uploads\/2025\/10\/cropped-interior-futurista-de-una-de-las-arquitecturas-en-guangzhou-china-scaled-1-32x32.jpg 32w, https:\/\/fzdarquitectura.com\/wp-content\/uploads\/2025\/10\/cropped-interior-futurista-de-una-de-las-arquitecturas-en-guangzhou-china-scaled-1.jpg 512w\" sizes=\"(max-width: 300px) 100vw, 300px\" \/><\/div><\/a>\n\t\t\t\t<div class=\"elementor-post__text\">\n\t\t\t\t<h3 class=\"elementor-post__title\">\n\t\t\t<a href=\"https:\/\/fzdarquitectura.com\/en\/proyecto-destacado-reforma-integral-de-vivienda-en-barcelona\/\" >\n\t\t\t\tProyecto destacado: reforma integral de vivienda en Barcelona\t\t\t<\/a>\n\t\t<\/h3>\n\t\t\t\t<div class=\"elementor-post__excerpt\">\n\t\t\t<p>FZD Arquitectura ha finalizado recientemente la reforma integral de una vivienda en [Barrio\/Ciudad], combinando dise\u00f1o moderno, funcionalidad y sostenibilidad. Contenido:El proyecto incluy\u00f3 la redistribuci\u00f3n de<\/p>\n\t\t<\/div>\n\t\t\n\t\t<a class=\"elementor-post__read-more\" href=\"https:\/\/fzdarquitectura.com\/en\/proyecto-destacado-reforma-integral-de-vivienda-en-barcelona\/\" aria-label=\"Read more about Proyecto destacado: reforma integral de vivienda en Barcelona\" tabindex=\"-1\" >\n\t\t\tLeer m\u00e1s \u00bb\t\t<\/a>\n\n\t\t\t\t<\/div>\n\t\t\t\t<div class=\"elementor-post__meta-data\">\n\t\t\t\t\t<span class=\"elementor-post-date\">\n\t\t\tOctober 20, 2025\t\t<\/span>\n\t\t\t\t<span class=\"elementor-post-avatar\">\n\t\t\tNo Comments\t\t<\/span>\n\t\t\t\t<\/div>\n\t\t\t\t\t<\/div>\n\t\t<\/article>\n\t\t\t\t<article class=\"elementor-post elementor-grid-item post-118 post type-post status-publish format-standard has-post-thumbnail hentry category-noticias\" role=\"listitem\">\n\t\t\t<div class=\"elementor-post__card\">\n\t\t\t\t<a class=\"elementor-post__thumbnail__link\" href=\"https:\/\/fzdarquitectura.com\/en\/fzd-arquitectura-presenta-su-nueva-linea-de-proyectos-sostenibles-para-2025\/\" tabindex=\"-1\" ><div class=\"elementor-post__thumbnail\"><img decoding=\"async\" width=\"300\" height=\"219\" src=\"https:\/\/fzdarquitectura.com\/wp-content\/uploads\/2025\/10\/cool-escalera-con-luces-en-un-edificio-moderno-300x219.jpg\" class=\"attachment-medium size-medium wp-image-51\" alt=\"\" srcset=\"https:\/\/fzdarquitectura.com\/wp-content\/uploads\/2025\/10\/cool-escalera-con-luces-en-un-edificio-moderno-300x219.jpg 300w, https:\/\/fzdarquitectura.com\/wp-content\/uploads\/2025\/10\/cool-escalera-con-luces-en-un-edificio-moderno-1024x747.jpg 1024w, https:\/\/fzdarquitectura.com\/wp-content\/uploads\/2025\/10\/cool-escalera-con-luces-en-un-edificio-moderno-768x560.jpg 768w, https:\/\/fzdarquitectura.com\/wp-content\/uploads\/2025\/10\/cool-escalera-con-luces-en-un-edificio-moderno-1536x1120.jpg 1536w, https:\/\/fzdarquitectura.com\/wp-content\/uploads\/2025\/10\/cool-escalera-con-luces-en-un-edificio-moderno-2048x1494.jpg 2048w\" sizes=\"(max-width: 300px) 100vw, 300px\" \/><\/div><\/a>\n\t\t\t\t<div class=\"elementor-post__text\">\n\t\t\t\t<h3 class=\"elementor-post__title\">\n\t\t\t<a href=\"https:\/\/fzdarquitectura.com\/en\/fzd-arquitectura-presenta-su-nueva-linea-de-proyectos-sostenibles-para-2025\/\" >\n\t\t\t\tFZD Arquitectura presenta su nueva l\u00ednea de proyectos sostenibles para 2025\t\t\t<\/a>\n\t\t<\/h3>\n\t\t\t\t<div class=\"elementor-post__excerpt\">\n\t\t\t<p>El estudio FZD Arquitectura ha anunciado el lanzamiento de una nueva l\u00ednea de proyectos centrados en la arquitectura sostenible y el dise\u00f1o responsable con el<\/p>\n\t\t<\/div>\n\t\t\n\t\t<a class=\"elementor-post__read-more\" href=\"https:\/\/fzdarquitectura.com\/en\/fzd-arquitectura-presenta-su-nueva-linea-de-proyectos-sostenibles-para-2025\/\" aria-label=\"Read more about FZD Arquitectura presenta su nueva l\u00ednea de proyectos sostenibles para 2025\" tabindex=\"-1\" >\n\t\t\tLeer m\u00e1s \u00bb\t\t<\/a>\n\n\t\t\t\t<\/div>\n\t\t\t\t<div class=\"elementor-post__meta-data\">\n\t\t\t\t\t<span class=\"elementor-post-date\">\n\t\t\tOctober 7, 2025\t\t<\/span>\n\t\t\t\t<span class=\"elementor-post-avatar\">\n\t\t\tNo Comments\t\t<\/span>\n\t\t\t\t<\/div>\n\t\t\t\t\t<\/div>\n\t\t<\/article>\n\t\t\t\t<article class=\"elementor-post elementor-grid-item post-116 post type-post status-publish format-standard has-post-thumbnail hentry category-noticias\" role=\"listitem\">\n\t\t\t<div class=\"elementor-post__card\">\n\t\t\t\t<a class=\"elementor-post__thumbnail__link\" href=\"https:\/\/fzdarquitectura.com\/en\/bienvenidos-a-nuestra-web\/\" tabindex=\"-1\" ><div class=\"elementor-post__thumbnail\"><img decoding=\"async\" width=\"300\" height=\"219\" src=\"https:\/\/fzdarquitectura.com\/wp-content\/uploads\/2025\/10\/cool-escalera-con-luces-en-un-edificio-moderno-300x219.jpg\" class=\"attachment-medium size-medium wp-image-51\" alt=\"\" srcset=\"https:\/\/fzdarquitectura.com\/wp-content\/uploads\/2025\/10\/cool-escalera-con-luces-en-un-edificio-moderno-300x219.jpg 300w, https:\/\/fzdarquitectura.com\/wp-content\/uploads\/2025\/10\/cool-escalera-con-luces-en-un-edificio-moderno-1024x747.jpg 1024w, https:\/\/fzdarquitectura.com\/wp-content\/uploads\/2025\/10\/cool-escalera-con-luces-en-un-edificio-moderno-768x560.jpg 768w, https:\/\/fzdarquitectura.com\/wp-content\/uploads\/2025\/10\/cool-escalera-con-luces-en-un-edificio-moderno-1536x1120.jpg 1536w, https:\/\/fzdarquitectura.com\/wp-content\/uploads\/2025\/10\/cool-escalera-con-luces-en-un-edificio-moderno-2048x1494.jpg 2048w\" sizes=\"(max-width: 300px) 100vw, 300px\" \/><\/div><\/a>\n\t\t\t\t<div class=\"elementor-post__text\">\n\t\t\t\t<h3 class=\"elementor-post__title\">\n\t\t\t<a href=\"https:\/\/fzdarquitectura.com\/en\/bienvenidos-a-nuestra-web\/\" >\n\t\t\t\tBienvenidos a nuestra web!\t\t\t<\/a>\n\t\t<\/h3>\n\t\t\t\t<div class=\"elementor-post__excerpt\">\n\t\t\t<p>Hola! Estamos encantados de tenerte en nuestro sitio web.<\/p>\n\t\t<\/div>\n\t\t\n\t\t<a class=\"elementor-post__read-more\" href=\"https:\/\/fzdarquitectura.com\/en\/bienvenidos-a-nuestra-web\/\" aria-label=\"Read more about Bienvenidos a nuestra web!\" tabindex=\"-1\" >\n\t\t\tLeer m\u00e1s \u00bb\t\t<\/a>\n\n\t\t\t\t<\/div>\n\t\t\t\t<div class=\"elementor-post__meta-data\">\n\t\t\t\t\t<span class=\"elementor-post-date\">\n\t\t\tOctober 7, 2025\t\t<\/span>\n\t\t\t\t<span class=\"elementor-post-avatar\">\n\t\t\tNo Comments\t\t<\/span>\n\t\t\t\t<\/div>\n\t\t\t\t\t<\/div>\n\t\t<\/article>\n\t\t\t\t<\/div>\n\t\t\n\t\t\t\t\t\t<\/div>\n\t\t\t\t<\/div>\n\t\t\t\t\t<\/div>\n\t\t\t\t<\/div>\n\t\t\t\t<\/div>","protected":false},"excerpt":{"rendered":"<p>noticiasEn FZD Arquitectura nos gusta compartir lo que ocurre dentro y fuera de nuestro estudio. En este espacio encontrar\u00e1s las \u00faltimas novedades, proyectos en desarrollo, publicaciones, premios y colaboraciones que marcan nuestro d\u00eda a d\u00eda. Queremos que este apartado sea una ventana abierta a nuestro proceso creativo, a los avances de nuestras obras y a [&hellip;]<\/p>","protected":false},"author":1,"featured_media":0,"parent":0,"menu_order":0,"comment_status":"open","ping_status":"closed","template":"elementor_header_footer","meta":{"footnotes":""},"class_list":["post-15","page","type-page","status-publish","hentry"],"yoast_head":"<!-- This site is optimized with the Yoast SEO plugin v26.1 - https:\/\/yoast.com\/wordpress\/plugins\/seo\/ -->\n<title>Noticias - FZD Arquitectura - Arquitecto en Madrid<\/title>\n<meta name=\"description\" content=\"Arquitecto en Madrid especializado en dise\u00f1o, reformas y obra nueva. Proyectos personalizados, eficientes y adaptados a cada cliente.\" \/>\n<meta name=\"robots\" content=\"index, follow, max-snippet:-1, max-image-preview:large, max-video-preview:-1\" \/>\n<link rel=\"canonical\" href=\"https:\/\/fzdarquitectura.com\/en\/noticias\/\" \/>\n<meta property=\"og:locale\" content=\"en_US\" \/>\n<meta property=\"og:type\" content=\"article\" \/>\n<meta property=\"og:title\" content=\"Noticias - FZD Arquitectura - Arquitecto en Madrid\" \/>\n<meta property=\"og:description\" content=\"Arquitecto en Madrid especializado en dise\u00f1o, reformas y obra nueva. Proyectos personalizados, eficientes y adaptados a cada cliente.\" \/>\n<meta property=\"og:url\" content=\"https:\/\/fzdarquitectura.com\/en\/noticias\/\" \/>\n<meta property=\"og:site_name\" content=\"FZD Arquitectura\" \/>\n<meta property=\"article:modified_time\" content=\"2026-01-15T14:46:49+00:00\" \/>\n<meta name=\"twitter:card\" content=\"summary_large_image\" \/>\n<meta name=\"twitter:label1\" content=\"Est. reading time\" \/>\n\t<meta name=\"twitter:data1\" content=\"1 minute\" \/>\n<script type=\"application\/ld+json\" class=\"yoast-schema-graph\">{\"@context\":\"https:\/\/schema.org\",\"@graph\":[{\"@type\":\"WebPage\",\"@id\":\"https:\/\/fzdarquitectura.com\/noticias\/\",\"url\":\"https:\/\/fzdarquitectura.com\/noticias\/\",\"name\":\"Noticias - FZD Arquitectura - Arquitecto en Madrid\",\"isPartOf\":{\"@id\":\"https:\/\/fzdarquitectura.com\/#website\"},\"datePublished\":\"2025-10-07T09:35:56+00:00\",\"dateModified\":\"2026-01-15T14:46:49+00:00\",\"description\":\"Arquitecto en Madrid especializado en dise\u00f1o, reformas y obra nueva. Proyectos personalizados, eficientes y adaptados a cada cliente.\",\"breadcrumb\":{\"@id\":\"https:\/\/fzdarquitectura.com\/noticias\/#breadcrumb\"},\"inLanguage\":\"en-AU\",\"potentialAction\":[{\"@type\":\"ReadAction\",\"target\":[\"https:\/\/fzdarquitectura.com\/noticias\/\"]}]},{\"@type\":\"BreadcrumbList\",\"@id\":\"https:\/\/fzdarquitectura.com\/noticias\/#breadcrumb\",\"itemListElement\":[{\"@type\":\"ListItem\",\"position\":1,\"name\":\"Home\",\"item\":\"https:\/\/fzdarquitectura.com\/\"},{\"@type\":\"ListItem\",\"position\":2,\"name\":\"Noticias\"}]},{\"@type\":\"WebSite\",\"@id\":\"https:\/\/fzdarquitectura.com\/#website\",\"url\":\"https:\/\/fzdarquitectura.com\/\",\"name\":\"FZD Arquitectura\",\"description\":\"FZD Arquitectura - Nuestro sitio web.\",\"potentialAction\":[{\"@type\":\"SearchAction\",\"target\":{\"@type\":\"EntryPoint\",\"urlTemplate\":\"https:\/\/fzdarquitectura.com\/?s={search_term_string}\"},\"query-input\":{\"@type\":\"PropertyValueSpecification\",\"valueRequired\":true,\"valueName\":\"search_term_string\"}}],\"inLanguage\":\"en-AU\"}]}<\/script>\n<!-- \/ Yoast SEO plugin. -->","yoast_head_json":{"title":"Noticias - FZD Arquitectura - Arquitecto en Madrid","description":"Arquitecto en Madrid especializado en dise\u00f1o, reformas y obra nueva. Proyectos personalizados, eficientes y adaptados a cada cliente.","robots":{"index":"index","follow":"follow","max-snippet":"max-snippet:-1","max-image-preview":"max-image-preview:large","max-video-preview":"max-video-preview:-1"},"canonical":"https:\/\/fzdarquitectura.com\/en\/noticias\/","og_locale":"en_US","og_type":"article","og_title":"Noticias - FZD Arquitectura - Arquitecto en Madrid","og_description":"Arquitecto en Madrid especializado en dise\u00f1o, reformas y obra nueva. Proyectos personalizados, eficientes y adaptados a cada cliente.","og_url":"https:\/\/fzdarquitectura.com\/en\/noticias\/","og_site_name":"FZD Arquitectura","article_modified_time":"2026-01-15T14:46:49+00:00","twitter_card":"summary_large_image","twitter_misc":{"Est. reading time":"1 minute"},"schema":{"@context":"https:\/\/schema.org","@graph":[{"@type":"WebPage","@id":"https:\/\/fzdarquitectura.com\/noticias\/","url":"https:\/\/fzdarquitectura.com\/noticias\/","name":"Noticias - FZD Arquitectura - Arquitecto en Madrid","isPartOf":{"@id":"https:\/\/fzdarquitectura.com\/#website"},"datePublished":"2025-10-07T09:35:56+00:00","dateModified":"2026-01-15T14:46:49+00:00","description":"Arquitecto en Madrid especializado en dise\u00f1o, reformas y obra nueva. Proyectos personalizados, eficientes y adaptados a cada cliente.","breadcrumb":{"@id":"https:\/\/fzdarquitectura.com\/noticias\/#breadcrumb"},"inLanguage":"en-AU","potentialAction":[{"@type":"ReadAction","target":["https:\/\/fzdarquitectura.com\/noticias\/"]}]},{"@type":"BreadcrumbList","@id":"https:\/\/fzdarquitectura.com\/noticias\/#breadcrumb","itemListElement":[{"@type":"ListItem","position":1,"name":"Home","item":"https:\/\/fzdarquitectura.com\/"},{"@type":"ListItem","position":2,"name":"Noticias"}]},{"@type":"WebSite","@id":"https:\/\/fzdarquitectura.com\/#website","url":"https:\/\/fzdarquitectura.com\/","name":"FZD Arquitectura","description":"FZD Arquitectura - Nuestro sitio web.","potentialAction":[{"@type":"SearchAction","target":{"@type":"EntryPoint","urlTemplate":"https:\/\/fzdarquitectura.com\/?s={search_term_string}"},"query-input":{"@type":"PropertyValueSpecification","valueRequired":true,"valueName":"search_term_string"}}],"inLanguage":"en-AU"}]}},"_links":{"self":[{"href":"https:\/\/fzdarquitectura.com\/en\/wp-json\/wp\/v2\/pages\/15","targetHints":{"allow":["GET"]}}],"collection":[{"href":"https:\/\/fzdarquitectura.com\/en\/wp-json\/wp\/v2\/pages"}],"about":[{"href":"https:\/\/fzdarquitectura.com\/en\/wp-json\/wp\/v2\/types\/page"}],"author":[{"embeddable":true,"href":"https:\/\/fzdarquitectura.com\/en\/wp-json\/wp\/v2\/users\/1"}],"replies":[{"embeddable":true,"href":"https:\/\/fzdarquitectura.com\/en\/wp-json\/wp\/v2\/comments?post=15"}],"version-history":[{"count":16,"href":"https:\/\/fzdarquitectura.com\/en\/wp-json\/wp\/v2\/pages\/15\/revisions"}],"predecessor-version":[{"id":305,"href":"https:\/\/fzdarquitectura.com\/en\/wp-json\/wp\/v2\/pages\/15\/revisions\/305"}],"wp:attachment":[{"href":"https:\/\/fzdarquitectura.com\/en\/wp-json\/wp\/v2\/media?parent=15"}],"curies":[{"name":"wp","href":"https:\/\/api.w.org\/{rel}","templated":true}]}}