{"id":13,"date":"2025-10-07T09:35:44","date_gmt":"2025-10-07T09:35:44","guid":{"rendered":"https:\/\/fzdarquitectura.com\/?page_id=13"},"modified":"2025-10-20T08:45:11","modified_gmt":"2025-10-20T08:45:11","slug":"otros-servicios","status":"publish","type":"page","link":"https:\/\/fzdarquitectura.com\/en\/otros-servicios\/","title":{"rendered":"Otros servicios"},"content":{"rendered":"<div data-elementor-type=\"wp-page\" data-elementor-id=\"13\" class=\"elementor elementor-13\" data-elementor-post-type=\"page\">\n\t\t\t\t<div class=\"elementor-element elementor-element-c4d487d e-con-full e-flex e-con e-parent\" data-id=\"c4d487d\" data-element_type=\"container\">\n\t\t\t\t<div class=\"elementor-element elementor-element-c13885d elementor--h-position-center elementor--v-position-middle elementor-arrows-position-inside elementor-pagination-position-inside elementor-widget elementor-widget-slides\" data-id=\"c13885d\" data-element_type=\"widget\" data-settings=\"{&quot;navigation&quot;:&quot;both&quot;,&quot;autoplay&quot;:&quot;yes&quot;,&quot;pause_on_hover&quot;:&quot;yes&quot;,&quot;pause_on_interaction&quot;:&quot;yes&quot;,&quot;autoplay_speed&quot;:5000,&quot;infinite&quot;:&quot;yes&quot;,&quot;transition&quot;:&quot;slide&quot;,&quot;transition_speed&quot;:500}\" data-widget_type=\"slides.default\">\n\t\t\t\t\t\t\t\t\t\t<div class=\"elementor-slides-wrapper elementor-main-swiper swiper\" role=\"region\" aria-roledescription=\"carousel\" aria-label=\"Diapositivas\" dir=\"ltr\" data-animation=\"fadeInUp\">\n\t\t\t\t<div class=\"swiper-wrapper elementor-slides\">\n\t\t\t\t\t\t\t\t\t\t<div class=\"elementor-repeater-item-feaa811 swiper-slide\" role=\"group\" aria-roledescription=\"slide\"><div class=\"swiper-slide-bg elementor-ken-burns elementor-ken-burns--in\" role=\"img\" aria-label=\"A closeup greyscale shot of a building with curvy twists in Berlin, Germany\"><\/div><div class=\"elementor-background-overlay\"><\/div><div class=\"swiper-slide-inner\" ><div class=\"swiper-slide-contents\"><div class=\"elementor-slide-heading\">Otros servicios<\/div><div class=\"elementor-slide-description\">En FZD Arquitectura ampliamos nuestra oferta m\u00e1s all\u00e1 del dise\u00f1o y la direcci\u00f3n de obra, ofreciendo una gama completa de servicios que complementan cada etapa del proyecto. Nuestro objetivo es facilitar a nuestros clientes una gesti\u00f3n integral y personalizada, adaptada a las necesidades de cada espacio.<\/div><\/div><\/div><\/div>\t\t\t\t<\/div>\n\t\t\t\t\t\t\t<\/div>\n\t\t\t\t\t\t\t\t<\/div>\n\t\t\t\t<\/div>\n\t\t<div class=\"elementor-element elementor-element-c9ff273 e-con-full e-flex e-con e-parent\" data-id=\"c9ff273\" data-element_type=\"container\" data-settings=\"{&quot;background_background&quot;:&quot;classic&quot;}\">\n\t\t\t\t<div class=\"elementor-element elementor-element-f71bab5 elementor-invisible elementor-widget elementor-widget-heading\" data-id=\"f71bab5\" data-element_type=\"widget\" data-settings=\"{&quot;_animation&quot;:&quot;fadeIn&quot;}\" data-widget_type=\"heading.default\">\n\t\t\t\t\t<h2 class=\"elementor-heading-title elementor-size-default\">sobre nuestros servicios<\/h2>\t\t\t\t<\/div>\n\t\t\t\t<\/div>\n\t\t<div class=\"elementor-element elementor-element-d74654c e-flex e-con-boxed e-con e-parent\" data-id=\"d74654c\" data-element_type=\"container\">\n\t\t\t\t\t<div class=\"e-con-inner\">\n\t\t<div class=\"elementor-element elementor-element-9ea70d6 e-con-full e-flex elementor-invisible e-con e-child\" data-id=\"9ea70d6\" data-element_type=\"container\" data-settings=\"{&quot;animation&quot;:&quot;fadeIn&quot;}\">\n\t\t\t\t<div class=\"elementor-element elementor-element-4ef02a0 elementor-widget elementor-widget-heading\" data-id=\"4ef02a0\" data-element_type=\"widget\" data-widget_type=\"heading.default\">\n\t\t\t\t\t<h2 class=\"elementor-heading-title elementor-size-default\">reformas integrales<\/h2>\t\t\t\t<\/div>\n\t\t\t\t<div class=\"elementor-element elementor-element-a15c32e elementor-widget elementor-widget-text-editor\" data-id=\"a15c32e\" data-element_type=\"widget\" data-widget_type=\"text-editor.default\">\n\t\t\t\t\t\t\t\t\t<p>En <strong data-start=\"289\" data-end=\"309\">FZD Arquitectura<\/strong> realizamos <strong data-start=\"321\" data-end=\"389\">reformas integrales de viviendas, locales comerciales y oficinas<\/strong>, gestionando todas las fases del proyecto: desde el dise\u00f1o inicial hasta la ejecuci\u00f3n final. Nuestro equipo coordina cada detalle \u2014estructuras, instalaciones, acabados y mobiliario\u2014 para garantizar un resultado coherente, funcional y est\u00e9ticamente equilibrado. Nos enfocamos en aprovechar al m\u00e1ximo cada espacio, optimizando la distribuci\u00f3n y la iluminaci\u00f3n para crear entornos c\u00f3modos, modernos y sostenibles.<\/p>\t\t\t\t\t\t\t\t<\/div>\n\t\t\t\t<\/div>\n\t\t<div class=\"elementor-element elementor-element-664f071 e-con-full e-flex elementor-invisible e-con e-child\" data-id=\"664f071\" data-element_type=\"container\" data-settings=\"{&quot;animation&quot;:&quot;fadeIn&quot;}\">\n\t\t\t\t<div class=\"elementor-element elementor-element-6662fb4 elementor-widget elementor-widget-image\" data-id=\"6662fb4\" data-element_type=\"widget\" data-widget_type=\"image.default\">\n\t\t\t\t\t\t\t\t\t\t\t\t\t\t\t<img fetchpriority=\"high\" decoding=\"async\" width=\"683\" height=\"1024\" src=\"https:\/\/fzdarquitectura.com\/wp-content\/uploads\/2025\/10\/estudio-con-utileria-para-fotografia-683x1024.jpg\" class=\"attachment-large size-large wp-image-187\" alt=\"\" srcset=\"https:\/\/fzdarquitectura.com\/wp-content\/uploads\/2025\/10\/estudio-con-utileria-para-fotografia-683x1024.jpg 683w, https:\/\/fzdarquitectura.com\/wp-content\/uploads\/2025\/10\/estudio-con-utileria-para-fotografia-200x300.jpg 200w, https:\/\/fzdarquitectura.com\/wp-content\/uploads\/2025\/10\/estudio-con-utileria-para-fotografia-768x1152.jpg 768w, https:\/\/fzdarquitectura.com\/wp-content\/uploads\/2025\/10\/estudio-con-utileria-para-fotografia-1024x1536.jpg 1024w, https:\/\/fzdarquitectura.com\/wp-content\/uploads\/2025\/10\/estudio-con-utileria-para-fotografia-1365x2048.jpg 1365w, https:\/\/fzdarquitectura.com\/wp-content\/uploads\/2025\/10\/estudio-con-utileria-para-fotografia-scaled.jpg 1707w\" sizes=\"(max-width: 683px) 100vw, 683px\" \/>\t\t\t\t\t\t\t\t\t\t\t\t\t\t\t<\/div>\n\t\t\t\t<\/div>\n\t\t\t\t\t<\/div>\n\t\t\t\t<\/div>\n\t\t<div class=\"elementor-element elementor-element-e093341 e-flex e-con-boxed e-con e-parent\" data-id=\"e093341\" data-element_type=\"container\" data-settings=\"{&quot;background_background&quot;:&quot;classic&quot;}\">\n\t\t\t\t\t<div class=\"e-con-inner\">\n\t\t<div class=\"elementor-element elementor-element-03b8226 e-con-full e-flex elementor-invisible e-con e-child\" data-id=\"03b8226\" data-element_type=\"container\" data-settings=\"{&quot;animation&quot;:&quot;fadeIn&quot;}\">\n\t\t\t\t<div class=\"elementor-element elementor-element-35b4dda elementor-widget elementor-widget-heading\" data-id=\"35b4dda\" data-element_type=\"widget\" data-widget_type=\"heading.default\">\n\t\t\t\t\t<h2 class=\"elementor-heading-title elementor-size-default\">interiorismo y decoraci\u00f3n<\/h2>\t\t\t\t<\/div>\n\t\t\t\t<div class=\"elementor-element elementor-element-06aba66 elementor-widget elementor-widget-text-editor\" data-id=\"06aba66\" data-element_type=\"widget\" data-widget_type=\"text-editor.default\">\n\t\t\t\t\t\t\t\t\t<p>Nuestro servicio de <strong data-start=\"864\" data-end=\"893\">interiorismo y decoraci\u00f3n<\/strong> transforma los espacios para reflejar la personalidad y las necesidades de cada cliente. Dise\u00f1amos ambientes \u00fanicos que combinan est\u00e9tica, funcionalidad y confort, seleccionando materiales, colores, iluminaci\u00f3n y mobiliario de forma armoniosa. En <strong data-start=\"1141\" data-end=\"1161\">FZD Arquitectura<\/strong> cuidamos cada detalle para conseguir interiores que transmitan equilibrio y estilo, siempre con una visi\u00f3n contempor\u00e1nea y atemporal.<\/p>\t\t\t\t\t\t\t\t<\/div>\n\t\t\t\t<\/div>\n\t\t<div class=\"elementor-element elementor-element-4fa07ef e-con-full e-flex e-con e-child\" data-id=\"4fa07ef\" data-element_type=\"container\">\n\t\t\t\t<div class=\"elementor-element elementor-element-6a782e4 elementor-invisible elementor-widget elementor-widget-image\" data-id=\"6a782e4\" data-element_type=\"widget\" data-settings=\"{&quot;_animation&quot;:&quot;fadeIn&quot;}\" data-widget_type=\"image.default\">\n\t\t\t\t\t\t\t\t\t\t\t\t\t\t\t<img decoding=\"async\" width=\"800\" height=\"534\" src=\"https:\/\/fzdarquitectura.com\/wp-content\/uploads\/2025\/10\/interrior-plano-vacio-con-elementos-de-decoracion-1024x683.jpg\" class=\"attachment-large size-large wp-image-188\" alt=\"\" srcset=\"https:\/\/fzdarquitectura.com\/wp-content\/uploads\/2025\/10\/interrior-plano-vacio-con-elementos-de-decoracion-1024x683.jpg 1024w, https:\/\/fzdarquitectura.com\/wp-content\/uploads\/2025\/10\/interrior-plano-vacio-con-elementos-de-decoracion-300x200.jpg 300w, https:\/\/fzdarquitectura.com\/wp-content\/uploads\/2025\/10\/interrior-plano-vacio-con-elementos-de-decoracion-768x512.jpg 768w, https:\/\/fzdarquitectura.com\/wp-content\/uploads\/2025\/10\/interrior-plano-vacio-con-elementos-de-decoracion-1536x1024.jpg 1536w, https:\/\/fzdarquitectura.com\/wp-content\/uploads\/2025\/10\/interrior-plano-vacio-con-elementos-de-decoracion-2048x1365.jpg 2048w\" sizes=\"(max-width: 800px) 100vw, 800px\" \/>\t\t\t\t\t\t\t\t\t\t\t\t\t\t\t<\/div>\n\t\t\t\t<\/div>\n\t\t\t\t\t<\/div>\n\t\t\t\t<\/div>\n\t\t<div class=\"elementor-element elementor-element-949bd1d e-flex e-con-boxed e-con e-parent\" data-id=\"949bd1d\" data-element_type=\"container\">\n\t\t\t\t\t<div class=\"e-con-inner\">\n\t\t<div class=\"elementor-element elementor-element-c4e943e e-con-full e-flex elementor-invisible e-con e-child\" data-id=\"c4e943e\" data-element_type=\"container\" data-settings=\"{&quot;animation&quot;:&quot;fadeIn&quot;}\">\n\t\t\t\t<div class=\"elementor-element elementor-element-b06ab9c elementor-widget elementor-widget-heading\" data-id=\"b06ab9c\" data-element_type=\"widget\" data-widget_type=\"heading.default\">\n\t\t\t\t\t<h2 class=\"elementor-heading-title elementor-size-default\">Gesti\u00f3n de licencias y legalizaciones<\/h2>\t\t\t\t<\/div>\n\t\t\t\t<div class=\"elementor-element elementor-element-a36097a elementor-widget elementor-widget-text-editor\" data-id=\"a36097a\" data-element_type=\"widget\" data-widget_type=\"text-editor.default\">\n\t\t\t\t\t\t\t\t\t<p>Nos ocupamos de la <strong data-start=\"1370\" data-end=\"1459\">gesti\u00f3n de licencias urban\u00edsticas, proyectos de legalizaci\u00f3n y tramitaciones t\u00e9cnicas<\/strong> necesarias para garantizar que tu obra cumpla con toda la normativa vigente. En <strong data-start=\"1540\" data-end=\"1560\">FZD Arquitectura<\/strong> simplificamos el proceso burocr\u00e1tico para que nuestros clientes puedan centrarse en lo importante: su proyecto. Nuestro equipo t\u00e9cnico se encarga de la documentaci\u00f3n, coordinaci\u00f3n con las administraciones y seguimiento de los plazos, asegurando una gesti\u00f3n \u00e1gil y sin complicaciones.<\/p>\t\t\t\t\t\t\t\t<\/div>\n\t\t\t\t<\/div>\n\t\t<div class=\"elementor-element elementor-element-c3b351a e-con-full e-flex e-con e-child\" data-id=\"c3b351a\" data-element_type=\"container\">\n\t\t\t\t<div class=\"elementor-element elementor-element-6537a80 elementor-invisible elementor-widget elementor-widget-image\" data-id=\"6537a80\" data-element_type=\"widget\" data-settings=\"{&quot;_animation&quot;:&quot;fadeIn&quot;}\" data-widget_type=\"image.default\">\n\t\t\t\t\t\t\t\t\t\t\t\t\t\t\t<img decoding=\"async\" width=\"800\" height=\"534\" src=\"https:\/\/fzdarquitectura.com\/wp-content\/uploads\/2025\/10\/primer-plano-de-manos-pasando-el-contrato-al-empresario-irreconocible-1024x683.jpg\" class=\"attachment-large size-large wp-image-189\" alt=\"\" srcset=\"https:\/\/fzdarquitectura.com\/wp-content\/uploads\/2025\/10\/primer-plano-de-manos-pasando-el-contrato-al-empresario-irreconocible-1024x683.jpg 1024w, https:\/\/fzdarquitectura.com\/wp-content\/uploads\/2025\/10\/primer-plano-de-manos-pasando-el-contrato-al-empresario-irreconocible-300x200.jpg 300w, https:\/\/fzdarquitectura.com\/wp-content\/uploads\/2025\/10\/primer-plano-de-manos-pasando-el-contrato-al-empresario-irreconocible-768x513.jpg 768w, https:\/\/fzdarquitectura.com\/wp-content\/uploads\/2025\/10\/primer-plano-de-manos-pasando-el-contrato-al-empresario-irreconocible-1536x1025.jpg 1536w\" sizes=\"(max-width: 800px) 100vw, 800px\" \/>\t\t\t\t\t\t\t\t\t\t\t\t\t\t\t<\/div>\n\t\t\t\t<\/div>\n\t\t\t\t\t<\/div>\n\t\t\t\t<\/div>\n\t\t<div class=\"elementor-element elementor-element-2506d70 e-flex e-con-boxed e-con e-parent\" data-id=\"2506d70\" data-element_type=\"container\" data-settings=\"{&quot;background_background&quot;:&quot;classic&quot;}\">\n\t\t\t\t\t<div class=\"e-con-inner\">\n\t\t<div class=\"elementor-element elementor-element-90e7aeb e-con-full e-flex elementor-invisible e-con e-child\" data-id=\"90e7aeb\" data-element_type=\"container\" data-settings=\"{&quot;animation&quot;:&quot;fadeIn&quot;}\">\n\t\t\t\t<div class=\"elementor-element elementor-element-ccc4ecf elementor-widget elementor-widget-heading\" data-id=\"ccc4ecf\" data-element_type=\"widget\" data-widget_type=\"heading.default\">\n\t\t\t\t\t<h2 class=\"elementor-heading-title elementor-size-default\">Tasaciones y certificados energ\u00e9ticos<\/h2>\t\t\t\t<\/div>\n\t\t\t\t<div class=\"elementor-element elementor-element-26c8ecf elementor-widget elementor-widget-text-editor\" data-id=\"26c8ecf\" data-element_type=\"widget\" data-widget_type=\"text-editor.default\">\n\t\t\t\t\t\t\t\t\t<p>En <strong data-start=\"2406\" data-end=\"2426\">FZD Arquitectura<\/strong> elaboramos <strong data-start=\"2438\" data-end=\"2493\">tasaciones inmobiliarias y certificados energ\u00e9ticos<\/strong> con rigor t\u00e9cnico y conforme a la normativa vigente. Realizamos valoraciones precisas de inmuebles para compraventas, herencias o gestiones patrimoniales, as\u00ed como certificaciones energ\u00e9ticas que acreditan la eficiencia de cada edificio. Nuestro objetivo es ofrecer informes claros, fiables y \u00fatiles, siempre respaldados por la experiencia de nuestro equipo de arquitectos.<\/p>\t\t\t\t\t\t\t\t<\/div>\n\t\t\t\t<\/div>\n\t\t<div class=\"elementor-element elementor-element-22c0a59 e-con-full e-flex e-con e-child\" data-id=\"22c0a59\" data-element_type=\"container\">\n\t\t\t\t<div class=\"elementor-element elementor-element-f2c615e elementor-invisible elementor-widget elementor-widget-image\" data-id=\"f2c615e\" data-element_type=\"widget\" data-settings=\"{&quot;_animation&quot;:&quot;fadeIn&quot;}\" data-widget_type=\"image.default\">\n\t\t\t\t\t\t\t\t\t\t\t\t\t\t\t<img loading=\"lazy\" decoding=\"async\" width=\"681\" height=\"1024\" src=\"https:\/\/fzdarquitectura.com\/wp-content\/uploads\/2025\/10\/cerrar-proyecto-de-medio-ambiente-681x1024.jpg\" class=\"attachment-large size-large wp-image-198\" alt=\"\" srcset=\"https:\/\/fzdarquitectura.com\/wp-content\/uploads\/2025\/10\/cerrar-proyecto-de-medio-ambiente-681x1024.jpg 681w, https:\/\/fzdarquitectura.com\/wp-content\/uploads\/2025\/10\/cerrar-proyecto-de-medio-ambiente-200x300.jpg 200w, https:\/\/fzdarquitectura.com\/wp-content\/uploads\/2025\/10\/cerrar-proyecto-de-medio-ambiente-768x1154.jpg 768w, https:\/\/fzdarquitectura.com\/wp-content\/uploads\/2025\/10\/cerrar-proyecto-de-medio-ambiente-1022x1536.jpg 1022w, https:\/\/fzdarquitectura.com\/wp-content\/uploads\/2025\/10\/cerrar-proyecto-de-medio-ambiente-1363x2048.jpg 1363w, https:\/\/fzdarquitectura.com\/wp-content\/uploads\/2025\/10\/cerrar-proyecto-de-medio-ambiente-scaled.jpg 1703w\" sizes=\"(max-width: 681px) 100vw, 681px\" \/>\t\t\t\t\t\t\t\t\t\t\t\t\t\t\t<\/div>\n\t\t\t\t<\/div>\n\t\t\t\t\t<\/div>\n\t\t\t\t<\/div>\n\t\t\t\t<\/div>","protected":false},"excerpt":{"rendered":"<p>Otros serviciosEn FZD Arquitectura ampliamos nuestra oferta m\u00e1s all\u00e1 del dise\u00f1o y la direcci\u00f3n de obra, ofreciendo una gama completa de servicios que complementan cada etapa del proyecto. Nuestro objetivo es facilitar a nuestros clientes una gesti\u00f3n integral y personalizada, adaptada a las necesidades de cada espacio. sobre nuestros servicios reformas integrales En FZD Arquitectura [&hellip;]<\/p>","protected":false},"author":1,"featured_media":0,"parent":0,"menu_order":0,"comment_status":"closed","ping_status":"closed","template":"elementor_header_footer","meta":{"footnotes":""},"class_list":["post-13","page","type-page","status-publish","hentry"],"yoast_head":"<!-- This site is optimized with the Yoast SEO plugin v26.1 - https:\/\/yoast.com\/wordpress\/plugins\/seo\/ -->\n<title>Otros servicios - FZD Arquitectura<\/title>\n<meta name=\"robots\" content=\"index, follow, max-snippet:-1, max-image-preview:large, max-video-preview:-1\" \/>\n<link rel=\"canonical\" href=\"https:\/\/fzdarquitectura.com\/en\/otros-servicios\/\" \/>\n<meta property=\"og:locale\" content=\"en_US\" \/>\n<meta property=\"og:type\" content=\"article\" \/>\n<meta property=\"og:title\" content=\"Otros servicios - FZD Arquitectura\" \/>\n<meta property=\"og:description\" content=\"Otros serviciosEn FZD Arquitectura ampliamos nuestra oferta m\u00e1s all\u00e1 del dise\u00f1o y la direcci\u00f3n de obra, ofreciendo una gama completa de servicios que complementan cada etapa del proyecto. Nuestro objetivo es facilitar a nuestros clientes una gesti\u00f3n integral y personalizada, adaptada a las necesidades de cada espacio. sobre nuestros servicios reformas integrales En FZD Arquitectura [&hellip;]\" \/>\n<meta property=\"og:url\" content=\"https:\/\/fzdarquitectura.com\/en\/otros-servicios\/\" \/>\n<meta property=\"og:site_name\" content=\"FZD Arquitectura\" \/>\n<meta property=\"article:modified_time\" content=\"2025-10-20T08:45:11+00:00\" \/>\n<meta property=\"og:image\" content=\"https:\/\/fzdarquitectura.com\/wp-content\/uploads\/2025\/10\/estudio-con-utileria-para-fotografia-scaled.jpg\" \/>\n\t<meta property=\"og:image:width\" content=\"1707\" \/>\n\t<meta property=\"og:image:height\" content=\"2560\" \/>\n\t<meta property=\"og:image:type\" content=\"image\/jpeg\" \/>\n<meta name=\"twitter:card\" content=\"summary_large_image\" \/>\n<meta name=\"twitter:label1\" content=\"Est. reading time\" \/>\n\t<meta name=\"twitter:data1\" content=\"2 minutes\" \/>\n<script type=\"application\/ld+json\" class=\"yoast-schema-graph\">{\"@context\":\"https:\/\/schema.org\",\"@graph\":[{\"@type\":\"WebPage\",\"@id\":\"https:\/\/fzdarquitectura.com\/otros-servicios\/\",\"url\":\"https:\/\/fzdarquitectura.com\/otros-servicios\/\",\"name\":\"Otros servicios - FZD Arquitectura\",\"isPartOf\":{\"@id\":\"https:\/\/fzdarquitectura.com\/#website\"},\"primaryImageOfPage\":{\"@id\":\"https:\/\/fzdarquitectura.com\/otros-servicios\/#primaryimage\"},\"image\":{\"@id\":\"https:\/\/fzdarquitectura.com\/otros-servicios\/#primaryimage\"},\"thumbnailUrl\":\"https:\/\/fzdarquitectura.com\/wp-content\/uploads\/2025\/10\/estudio-con-utileria-para-fotografia-683x1024.jpg\",\"datePublished\":\"2025-10-07T09:35:44+00:00\",\"dateModified\":\"2025-10-20T08:45:11+00:00\",\"breadcrumb\":{\"@id\":\"https:\/\/fzdarquitectura.com\/otros-servicios\/#breadcrumb\"},\"inLanguage\":\"en-AU\",\"potentialAction\":[{\"@type\":\"ReadAction\",\"target\":[\"https:\/\/fzdarquitectura.com\/otros-servicios\/\"]}]},{\"@type\":\"ImageObject\",\"inLanguage\":\"en-AU\",\"@id\":\"https:\/\/fzdarquitectura.com\/otros-servicios\/#primaryimage\",\"url\":\"https:\/\/fzdarquitectura.com\/wp-content\/uploads\/2025\/10\/estudio-con-utileria-para-fotografia-683x1024.jpg\",\"contentUrl\":\"https:\/\/fzdarquitectura.com\/wp-content\/uploads\/2025\/10\/estudio-con-utileria-para-fotografia-683x1024.jpg\"},{\"@type\":\"BreadcrumbList\",\"@id\":\"https:\/\/fzdarquitectura.com\/otros-servicios\/#breadcrumb\",\"itemListElement\":[{\"@type\":\"ListItem\",\"position\":1,\"name\":\"Home\",\"item\":\"https:\/\/fzdarquitectura.com\/\"},{\"@type\":\"ListItem\",\"position\":2,\"name\":\"Otros servicios\"}]},{\"@type\":\"WebSite\",\"@id\":\"https:\/\/fzdarquitectura.com\/#website\",\"url\":\"https:\/\/fzdarquitectura.com\/\",\"name\":\"FZD Arquitectura\",\"description\":\"FZD Arquitectura - Nuestro sitio web.\",\"potentialAction\":[{\"@type\":\"SearchAction\",\"target\":{\"@type\":\"EntryPoint\",\"urlTemplate\":\"https:\/\/fzdarquitectura.com\/?s={search_term_string}\"},\"query-input\":{\"@type\":\"PropertyValueSpecification\",\"valueRequired\":true,\"valueName\":\"search_term_string\"}}],\"inLanguage\":\"en-AU\"}]}<\/script>\n<!-- \/ Yoast SEO plugin. -->","yoast_head_json":{"title":"Otros servicios - FZD Arquitectura","robots":{"index":"index","follow":"follow","max-snippet":"max-snippet:-1","max-image-preview":"max-image-preview:large","max-video-preview":"max-video-preview:-1"},"canonical":"https:\/\/fzdarquitectura.com\/en\/otros-servicios\/","og_locale":"en_US","og_type":"article","og_title":"Otros servicios - FZD Arquitectura","og_description":"Otros serviciosEn FZD Arquitectura ampliamos nuestra oferta m\u00e1s all\u00e1 del dise\u00f1o y la direcci\u00f3n de obra, ofreciendo una gama completa de servicios que complementan cada etapa del proyecto. Nuestro objetivo es facilitar a nuestros clientes una gesti\u00f3n integral y personalizada, adaptada a las necesidades de cada espacio. sobre nuestros servicios reformas integrales En FZD Arquitectura [&hellip;]","og_url":"https:\/\/fzdarquitectura.com\/en\/otros-servicios\/","og_site_name":"FZD Arquitectura","article_modified_time":"2025-10-20T08:45:11+00:00","og_image":[{"width":1707,"height":2560,"url":"https:\/\/fzdarquitectura.com\/wp-content\/uploads\/2025\/10\/estudio-con-utileria-para-fotografia-scaled.jpg","type":"image\/jpeg"}],"twitter_card":"summary_large_image","twitter_misc":{"Est. reading time":"2 minutes"},"schema":{"@context":"https:\/\/schema.org","@graph":[{"@type":"WebPage","@id":"https:\/\/fzdarquitectura.com\/otros-servicios\/","url":"https:\/\/fzdarquitectura.com\/otros-servicios\/","name":"Otros servicios - FZD Arquitectura","isPartOf":{"@id":"https:\/\/fzdarquitectura.com\/#website"},"primaryImageOfPage":{"@id":"https:\/\/fzdarquitectura.com\/otros-servicios\/#primaryimage"},"image":{"@id":"https:\/\/fzdarquitectura.com\/otros-servicios\/#primaryimage"},"thumbnailUrl":"https:\/\/fzdarquitectura.com\/wp-content\/uploads\/2025\/10\/estudio-con-utileria-para-fotografia-683x1024.jpg","datePublished":"2025-10-07T09:35:44+00:00","dateModified":"2025-10-20T08:45:11+00:00","breadcrumb":{"@id":"https:\/\/fzdarquitectura.com\/otros-servicios\/#breadcrumb"},"inLanguage":"en-AU","potentialAction":[{"@type":"ReadAction","target":["https:\/\/fzdarquitectura.com\/otros-servicios\/"]}]},{"@type":"ImageObject","inLanguage":"en-AU","@id":"https:\/\/fzdarquitectura.com\/otros-servicios\/#primaryimage","url":"https:\/\/fzdarquitectura.com\/wp-content\/uploads\/2025\/10\/estudio-con-utileria-para-fotografia-683x1024.jpg","contentUrl":"https:\/\/fzdarquitectura.com\/wp-content\/uploads\/2025\/10\/estudio-con-utileria-para-fotografia-683x1024.jpg"},{"@type":"BreadcrumbList","@id":"https:\/\/fzdarquitectura.com\/otros-servicios\/#breadcrumb","itemListElement":[{"@type":"ListItem","position":1,"name":"Home","item":"https:\/\/fzdarquitectura.com\/"},{"@type":"ListItem","position":2,"name":"Otros servicios"}]},{"@type":"WebSite","@id":"https:\/\/fzdarquitectura.com\/#website","url":"https:\/\/fzdarquitectura.com\/","name":"FZD Arquitectura","description":"FZD Arquitectura - Nuestro sitio web.","potentialAction":[{"@type":"SearchAction","target":{"@type":"EntryPoint","urlTemplate":"https:\/\/fzdarquitectura.com\/?s={search_term_string}"},"query-input":{"@type":"PropertyValueSpecification","valueRequired":true,"valueName":"search_term_string"}}],"inLanguage":"en-AU"}]}},"_links":{"self":[{"href":"https:\/\/fzdarquitectura.com\/en\/wp-json\/wp\/v2\/pages\/13","targetHints":{"allow":["GET"]}}],"collection":[{"href":"https:\/\/fzdarquitectura.com\/en\/wp-json\/wp\/v2\/pages"}],"about":[{"href":"https:\/\/fzdarquitectura.com\/en\/wp-json\/wp\/v2\/types\/page"}],"author":[{"embeddable":true,"href":"https:\/\/fzdarquitectura.com\/en\/wp-json\/wp\/v2\/users\/1"}],"replies":[{"embeddable":true,"href":"https:\/\/fzdarquitectura.com\/en\/wp-json\/wp\/v2\/comments?post=13"}],"version-history":[{"count":19,"href":"https:\/\/fzdarquitectura.com\/en\/wp-json\/wp\/v2\/pages\/13\/revisions"}],"predecessor-version":[{"id":269,"href":"https:\/\/fzdarquitectura.com\/en\/wp-json\/wp\/v2\/pages\/13\/revisions\/269"}],"wp:attachment":[{"href":"https:\/\/fzdarquitectura.com\/en\/wp-json\/wp\/v2\/media?parent=13"}],"curies":[{"name":"wp","href":"https:\/\/api.w.org\/{rel}","templated":true}]}}