{"id":11,"date":"2025-10-07T09:35:33","date_gmt":"2025-10-07T09:35:33","guid":{"rendered":"https:\/\/fzdarquitectura.com\/?page_id=11"},"modified":"2025-10-20T10:07:28","modified_gmt":"2025-10-20T10:07:28","slug":"portfolio","status":"publish","type":"page","link":"https:\/\/fzdarquitectura.com\/en\/portfolio\/","title":{"rendered":"Portfolio"},"content":{"rendered":"<div data-elementor-type=\"wp-page\" data-elementor-id=\"11\" class=\"elementor elementor-11\" data-elementor-post-type=\"page\">\n\t\t\t\t<div class=\"elementor-element elementor-element-7b18c3d e-con-full e-flex e-con e-parent\" data-id=\"7b18c3d\" data-element_type=\"container\">\n\t\t\t\t<div class=\"elementor-element elementor-element-8965c64 elementor--h-position-center elementor--v-position-middle elementor-arrows-position-inside elementor-pagination-position-inside elementor-widget elementor-widget-slides\" data-id=\"8965c64\" data-element_type=\"widget\" data-settings=\"{&quot;navigation&quot;:&quot;both&quot;,&quot;autoplay&quot;:&quot;yes&quot;,&quot;pause_on_hover&quot;:&quot;yes&quot;,&quot;pause_on_interaction&quot;:&quot;yes&quot;,&quot;autoplay_speed&quot;:5000,&quot;infinite&quot;:&quot;yes&quot;,&quot;transition&quot;:&quot;slide&quot;,&quot;transition_speed&quot;:500}\" data-widget_type=\"slides.default\">\n\t\t\t\t\t\t\t\t\t\t<div class=\"elementor-slides-wrapper elementor-main-swiper swiper\" role=\"region\" aria-roledescription=\"carousel\" aria-label=\"Diapositivas\" dir=\"ltr\" data-animation=\"fadeInUp\">\n\t\t\t\t<div class=\"swiper-wrapper elementor-slides\">\n\t\t\t\t\t\t\t\t\t\t<div class=\"elementor-repeater-item-8f48628 swiper-slide\" role=\"group\" aria-roledescription=\"slide\"><div class=\"swiper-slide-bg elementor-ken-burns elementor-ken-burns--in\" role=\"img\" aria-label=\"arcaid-images-awards-2017-col_9\"><\/div><div class=\"elementor-background-overlay\"><\/div><div class=\"swiper-slide-inner\" ><div class=\"swiper-slide-contents\"><h1 class=\"elementor-slide-heading\">nuestro portfolio<\/h1><div class=\"elementor-slide-description\">En FZD Arquitectura creemos que cada proyecto es una oportunidad para crear espacios que inspiren, funcionen y perduren en el tiempo. Nuestro portfolio refleja la diversidad de enfoques y escalas con las que trabajamos: desde viviendas unifamiliares y rehabilitaciones integrales, hasta proyectos de arquitectura comercial y dise\u00f1o interior.<\/div><\/div><\/div><\/div>\t\t\t\t<\/div>\n\t\t\t\t\t\t\t<\/div>\n\t\t\t\t\t\t\t\t<\/div>\n\t\t\t\t<\/div>\n\t\t<div class=\"elementor-element elementor-element-7e54bf3 e-con-full e-flex e-con e-parent\" data-id=\"7e54bf3\" data-element_type=\"container\" data-settings=\"{&quot;background_background&quot;:&quot;classic&quot;}\">\n\t\t\t\t<div class=\"elementor-element elementor-element-3e1d508 elementor-invisible elementor-widget elementor-widget-heading\" data-id=\"3e1d508\" data-element_type=\"widget\" data-settings=\"{&quot;_animation&quot;:&quot;fadeIn&quot;}\" data-widget_type=\"heading.default\">\n\t\t\t\t\t<h2 class=\"elementor-heading-title elementor-size-default\">ver nuestros proyectos<\/h2>\t\t\t\t<\/div>\n\t\t\t\t<\/div>\n\t\t<div class=\"elementor-element elementor-element-76c46ab e-flex e-con-boxed e-con e-parent\" data-id=\"76c46ab\" data-element_type=\"container\">\n\t\t\t\t\t<div class=\"e-con-inner\">\n\t\t<div class=\"elementor-element elementor-element-fc2827c e-con-full e-flex e-con e-child\" data-id=\"fc2827c\" data-element_type=\"container\">\n\t\t\t\t<div class=\"elementor-element elementor-element-5b72324 elementor-invisible elementor-widget elementor-widget-heading\" data-id=\"5b72324\" data-element_type=\"widget\" data-settings=\"{&quot;_animation&quot;:&quot;fadeIn&quot;}\" data-widget_type=\"heading.default\">\n\t\t\t\t\t<h2 class=\"elementor-heading-title elementor-size-default\">\u00faltimos proyectos recientes<\/h2>\t\t\t\t<\/div>\n\t\t\t\t<\/div>\n\t\t\t\t<div class=\"elementor-element elementor-element-5627c7b elementor-grid-3 elementor-grid-tablet-2 elementor-grid-mobile-1 elementor-posts--thumbnail-top elementor-card-shadow-yes elementor-posts__hover-gradient elementor-invisible elementor-widget elementor-widget-posts\" data-id=\"5627c7b\" data-element_type=\"widget\" data-settings=\"{&quot;_animation&quot;:&quot;fadeIn&quot;,&quot;cards_columns&quot;:&quot;3&quot;,&quot;cards_columns_tablet&quot;:&quot;2&quot;,&quot;cards_columns_mobile&quot;:&quot;1&quot;,&quot;cards_row_gap&quot;:{&quot;unit&quot;:&quot;px&quot;,&quot;size&quot;:35,&quot;sizes&quot;:[]},&quot;cards_row_gap_tablet&quot;:{&quot;unit&quot;:&quot;px&quot;,&quot;size&quot;:&quot;&quot;,&quot;sizes&quot;:[]},&quot;cards_row_gap_mobile&quot;:{&quot;unit&quot;:&quot;px&quot;,&quot;size&quot;:&quot;&quot;,&quot;sizes&quot;:[]}}\" data-widget_type=\"posts.cards\">\n\t\t\t\t<div class=\"elementor-widget-container\">\n\t\t\t\t\t\t\t<div class=\"elementor-posts-container elementor-posts elementor-posts--skin-cards elementor-grid\" role=\"list\">\n\t\t\t\t<article class=\"elementor-post elementor-grid-item post-159 post type-post status-publish format-standard has-post-thumbnail hentry category-proyectos\" role=\"listitem\">\n\t\t\t<div class=\"elementor-post__card\">\n\t\t\t\t<a class=\"elementor-post__thumbnail__link\" href=\"https:\/\/fzdarquitectura.com\/en\/reforma-integral-de-oficinas-en-madrid-rio\/\" tabindex=\"-1\" ><div class=\"elementor-post__thumbnail\"><img fetchpriority=\"high\" decoding=\"async\" width=\"300\" height=\"206\" src=\"https:\/\/fzdarquitectura.com\/wp-content\/uploads\/2025\/10\/fuentes-y-puente-sobre-el-rio-manzanares-en-madrid-300x206.jpg\" class=\"attachment-medium size-medium wp-image-161\" alt=\"madrid rio\" srcset=\"https:\/\/fzdarquitectura.com\/wp-content\/uploads\/2025\/10\/fuentes-y-puente-sobre-el-rio-manzanares-en-madrid-300x206.jpg 300w, https:\/\/fzdarquitectura.com\/wp-content\/uploads\/2025\/10\/fuentes-y-puente-sobre-el-rio-manzanares-en-madrid-1024x703.jpg 1024w, https:\/\/fzdarquitectura.com\/wp-content\/uploads\/2025\/10\/fuentes-y-puente-sobre-el-rio-manzanares-en-madrid-768x527.jpg 768w\" sizes=\"(max-width: 300px) 100vw, 300px\" \/><\/div><\/a>\n\t\t\t\t<div class=\"elementor-post__text\">\n\t\t\t\t<h3 class=\"elementor-post__title\">\n\t\t\t<a href=\"https:\/\/fzdarquitectura.com\/en\/reforma-integral-de-oficinas-en-madrid-rio\/\" >\n\t\t\t\tReforma integral de oficinas en Madrid R\u00edo\t\t\t<\/a>\n\t\t<\/h3>\n\t\t\t\t<div class=\"elementor-post__excerpt\">\n\t\t\t<p>El reto consist\u00eda en transformar una antigua nave industrial en un entorno de trabajo moderno, flexible y luminoso. Apostamos por una planta abierta, con divisiones acristaladas que favorecen la transparencia<\/p>\n\t\t<\/div>\n\t\t\n\t\t<a class=\"elementor-post__read-more\" href=\"https:\/\/fzdarquitectura.com\/en\/reforma-integral-de-oficinas-en-madrid-rio\/\" aria-label=\"Read more about Reforma integral de oficinas en Madrid R\u00edo\" tabindex=\"-1\" >\n\t\t\tLeer m\u00e1s \u00bb\t\t<\/a>\n\n\t\t\t\t<\/div>\n\t\t\t\t<div class=\"elementor-post__meta-data\">\n\t\t\t\t\t<span class=\"elementor-post-date\">\n\t\t\tOctober 13, 2025\t\t<\/span>\n\t\t\t\t<span class=\"elementor-post-avatar\">\n\t\t\tNo Comments\t\t<\/span>\n\t\t\t\t<\/div>\n\t\t\t\t\t<\/div>\n\t\t<\/article>\n\t\t\t\t<article class=\"elementor-post elementor-grid-item post-155 post type-post status-publish format-standard has-post-thumbnail hentry category-proyectos\" role=\"listitem\">\n\t\t\t<div class=\"elementor-post__card\">\n\t\t\t\t<a class=\"elementor-post__thumbnail__link\" href=\"https:\/\/fzdarquitectura.com\/en\/vivienda-unifamiliar-en-valdemarin\/\" tabindex=\"-1\" ><div class=\"elementor-post__thumbnail\"><img decoding=\"async\" width=\"200\" height=\"300\" src=\"https:\/\/fzdarquitectura.com\/wp-content\/uploads\/2025\/10\/paisaje-analogico-de-ciudad-con-edificios-6-200x300.jpg\" class=\"attachment-medium size-medium wp-image-156\" alt=\"edificios\" srcset=\"https:\/\/fzdarquitectura.com\/wp-content\/uploads\/2025\/10\/paisaje-analogico-de-ciudad-con-edificios-6-200x300.jpg 200w, https:\/\/fzdarquitectura.com\/wp-content\/uploads\/2025\/10\/paisaje-analogico-de-ciudad-con-edificios-6-682x1024.jpg 682w, https:\/\/fzdarquitectura.com\/wp-content\/uploads\/2025\/10\/paisaje-analogico-de-ciudad-con-edificios-6-768x1152.jpg 768w, https:\/\/fzdarquitectura.com\/wp-content\/uploads\/2025\/10\/paisaje-analogico-de-ciudad-con-edificios-6-1024x1536.jpg 1024w, https:\/\/fzdarquitectura.com\/wp-content\/uploads\/2025\/10\/paisaje-analogico-de-ciudad-con-edificios-6.jpg 1333w\" sizes=\"(max-width: 200px) 100vw, 200px\" \/><\/div><\/a>\n\t\t\t\t<div class=\"elementor-post__text\">\n\t\t\t\t<h3 class=\"elementor-post__title\">\n\t\t\t<a href=\"https:\/\/fzdarquitectura.com\/en\/vivienda-unifamiliar-en-valdemarin\/\" >\n\t\t\t\tVivienda unifamiliar en Valdemar\u00edn\t\t\t<\/a>\n\t\t<\/h3>\n\t\t\t\t<div class=\"elementor-post__excerpt\">\n\t\t\t<p>Este proyecto parte de una parcela con una fuerte pendiente y orientaci\u00f3n sur, lo que nos permiti\u00f3 aprovechar al m\u00e1ximo la luz natural y las vistas al entorno. La vivienda<\/p>\n\t\t<\/div>\n\t\t\n\t\t<a class=\"elementor-post__read-more\" href=\"https:\/\/fzdarquitectura.com\/en\/vivienda-unifamiliar-en-valdemarin\/\" aria-label=\"Read more about Vivienda unifamiliar en Valdemar\u00edn\" tabindex=\"-1\" >\n\t\t\tLeer m\u00e1s \u00bb\t\t<\/a>\n\n\t\t\t\t<\/div>\n\t\t\t\t<div class=\"elementor-post__meta-data\">\n\t\t\t\t\t<span class=\"elementor-post-date\">\n\t\t\tOctober 13, 2025\t\t<\/span>\n\t\t\t\t<span class=\"elementor-post-avatar\">\n\t\t\tNo Comments\t\t<\/span>\n\t\t\t\t<\/div>\n\t\t\t\t\t<\/div>\n\t\t<\/article>\n\t\t\t\t<article class=\"elementor-post elementor-grid-item post-87 post type-post status-publish format-standard has-post-thumbnail hentry category-proyectos\" role=\"listitem\">\n\t\t\t<div class=\"elementor-post__card\">\n\t\t\t\t<a class=\"elementor-post__thumbnail__link\" href=\"https:\/\/fzdarquitectura.com\/en\/proyecto-de-prueba\/\" tabindex=\"-1\" ><div class=\"elementor-post__thumbnail\"><img decoding=\"async\" width=\"200\" height=\"300\" src=\"https:\/\/fzdarquitectura.com\/wp-content\/uploads\/2025\/10\/interior-futurista-de-una-de-las-arquitecturas-en-guangzhou-china-200x300.jpg\" class=\"attachment-medium size-medium wp-image-35\" alt=\"fondo1\" srcset=\"https:\/\/fzdarquitectura.com\/wp-content\/uploads\/2025\/10\/interior-futurista-de-una-de-las-arquitecturas-en-guangzhou-china-200x300.jpg 200w, https:\/\/fzdarquitectura.com\/wp-content\/uploads\/2025\/10\/interior-futurista-de-una-de-las-arquitecturas-en-guangzhou-china-683x1024.jpg 683w, https:\/\/fzdarquitectura.com\/wp-content\/uploads\/2025\/10\/interior-futurista-de-una-de-las-arquitecturas-en-guangzhou-china-768x1152.jpg 768w, https:\/\/fzdarquitectura.com\/wp-content\/uploads\/2025\/10\/interior-futurista-de-una-de-las-arquitecturas-en-guangzhou-china-1024x1536.jpg 1024w, https:\/\/fzdarquitectura.com\/wp-content\/uploads\/2025\/10\/interior-futurista-de-una-de-las-arquitecturas-en-guangzhou-china-1365x2048.jpg 1365w, https:\/\/fzdarquitectura.com\/wp-content\/uploads\/2025\/10\/interior-futurista-de-una-de-las-arquitecturas-en-guangzhou-china-scaled.jpg 1707w\" sizes=\"(max-width: 200px) 100vw, 200px\" \/><\/div><\/a>\n\t\t\t\t<div class=\"elementor-post__text\">\n\t\t\t\t<h3 class=\"elementor-post__title\">\n\t\t\t<a href=\"https:\/\/fzdarquitectura.com\/en\/proyecto-de-prueba\/\" >\n\t\t\t\tProyecto de prueba\t\t\t<\/a>\n\t\t<\/h3>\n\t\t\t\t<div class=\"elementor-post__excerpt\">\n\t\t\t<p>Este es un proyecto de prueba<\/p>\n\t\t<\/div>\n\t\t\n\t\t<a class=\"elementor-post__read-more\" href=\"https:\/\/fzdarquitectura.com\/en\/proyecto-de-prueba\/\" aria-label=\"Read more about Proyecto de prueba\" tabindex=\"-1\" >\n\t\t\tLeer m\u00e1s \u00bb\t\t<\/a>\n\n\t\t\t\t<\/div>\n\t\t\t\t<div class=\"elementor-post__meta-data\">\n\t\t\t\t\t<span class=\"elementor-post-date\">\n\t\t\tOctober 7, 2025\t\t<\/span>\n\t\t\t\t<span class=\"elementor-post-avatar\">\n\t\t\tNo Comments\t\t<\/span>\n\t\t\t\t<\/div>\n\t\t\t\t\t<\/div>\n\t\t<\/article>\n\t\t\t\t<\/div>\n\t\t\n\t\t\t\t\t\t<\/div>\n\t\t\t\t<\/div>\n\t\t\t\t\t<\/div>\n\t\t\t\t<\/div>\n\t\t\t\t<\/div>","protected":false},"excerpt":{"rendered":"<p>nuestro portfolio En FZD Arquitectura creemos que cada proyecto es una oportunidad para crear espacios que inspiren, funcionen y perduren en el tiempo. Nuestro portfolio refleja la diversidad de enfoques y escalas con las que trabajamos: desde viviendas unifamiliares y rehabilitaciones integrales, hasta proyectos de arquitectura comercial y dise\u00f1o interior. ver nuestros proyectos \u00faltimos proyectos [&hellip;]<\/p>","protected":false},"author":1,"featured_media":0,"parent":0,"menu_order":0,"comment_status":"closed","ping_status":"closed","template":"elementor_header_footer","meta":{"footnotes":""},"class_list":["post-11","page","type-page","status-publish","hentry"],"yoast_head":"<!-- This site is optimized with the Yoast SEO plugin v26.1 - https:\/\/yoast.com\/wordpress\/plugins\/seo\/ -->\n<title>Portfolio - FZD Arquitectura<\/title>\n<meta name=\"robots\" content=\"index, follow, max-snippet:-1, max-image-preview:large, max-video-preview:-1\" \/>\n<link rel=\"canonical\" href=\"https:\/\/fzdarquitectura.com\/en\/portfolio\/\" \/>\n<meta property=\"og:locale\" content=\"en_US\" \/>\n<meta property=\"og:type\" content=\"article\" \/>\n<meta property=\"og:title\" content=\"Portfolio - FZD Arquitectura\" \/>\n<meta property=\"og:description\" content=\"nuestro portfolio En FZD Arquitectura creemos que cada proyecto es una oportunidad para crear espacios que inspiren, funcionen y perduren en el tiempo. Nuestro portfolio refleja la diversidad de enfoques y escalas con las que trabajamos: desde viviendas unifamiliares y rehabilitaciones integrales, hasta proyectos de arquitectura comercial y dise\u00f1o interior. ver nuestros proyectos \u00faltimos proyectos [&hellip;]\" \/>\n<meta property=\"og:url\" content=\"https:\/\/fzdarquitectura.com\/en\/portfolio\/\" \/>\n<meta property=\"og:site_name\" content=\"FZD Arquitectura\" \/>\n<meta property=\"article:modified_time\" content=\"2025-10-20T10:07:28+00:00\" \/>\n<meta name=\"twitter:card\" content=\"summary_large_image\" \/>\n<meta name=\"twitter:label1\" content=\"Est. reading time\" \/>\n\t<meta name=\"twitter:data1\" content=\"2 minutes\" \/>\n<script type=\"application\/ld+json\" class=\"yoast-schema-graph\">{\"@context\":\"https:\/\/schema.org\",\"@graph\":[{\"@type\":\"WebPage\",\"@id\":\"https:\/\/fzdarquitectura.com\/portfolio\/\",\"url\":\"https:\/\/fzdarquitectura.com\/portfolio\/\",\"name\":\"Portfolio - FZD Arquitectura\",\"isPartOf\":{\"@id\":\"https:\/\/fzdarquitectura.com\/#website\"},\"datePublished\":\"2025-10-07T09:35:33+00:00\",\"dateModified\":\"2025-10-20T10:07:28+00:00\",\"breadcrumb\":{\"@id\":\"https:\/\/fzdarquitectura.com\/portfolio\/#breadcrumb\"},\"inLanguage\":\"en-AU\",\"potentialAction\":[{\"@type\":\"ReadAction\",\"target\":[\"https:\/\/fzdarquitectura.com\/portfolio\/\"]}]},{\"@type\":\"BreadcrumbList\",\"@id\":\"https:\/\/fzdarquitectura.com\/portfolio\/#breadcrumb\",\"itemListElement\":[{\"@type\":\"ListItem\",\"position\":1,\"name\":\"Home\",\"item\":\"https:\/\/fzdarquitectura.com\/\"},{\"@type\":\"ListItem\",\"position\":2,\"name\":\"Portfolio\"}]},{\"@type\":\"WebSite\",\"@id\":\"https:\/\/fzdarquitectura.com\/#website\",\"url\":\"https:\/\/fzdarquitectura.com\/\",\"name\":\"FZD Arquitectura\",\"description\":\"FZD Arquitectura - Nuestro sitio web.\",\"potentialAction\":[{\"@type\":\"SearchAction\",\"target\":{\"@type\":\"EntryPoint\",\"urlTemplate\":\"https:\/\/fzdarquitectura.com\/?s={search_term_string}\"},\"query-input\":{\"@type\":\"PropertyValueSpecification\",\"valueRequired\":true,\"valueName\":\"search_term_string\"}}],\"inLanguage\":\"en-AU\"}]}<\/script>\n<!-- \/ Yoast SEO plugin. -->","yoast_head_json":{"title":"Portfolio - FZD Arquitectura","robots":{"index":"index","follow":"follow","max-snippet":"max-snippet:-1","max-image-preview":"max-image-preview:large","max-video-preview":"max-video-preview:-1"},"canonical":"https:\/\/fzdarquitectura.com\/en\/portfolio\/","og_locale":"en_US","og_type":"article","og_title":"Portfolio - FZD Arquitectura","og_description":"nuestro portfolio En FZD Arquitectura creemos que cada proyecto es una oportunidad para crear espacios que inspiren, funcionen y perduren en el tiempo. Nuestro portfolio refleja la diversidad de enfoques y escalas con las que trabajamos: desde viviendas unifamiliares y rehabilitaciones integrales, hasta proyectos de arquitectura comercial y dise\u00f1o interior. ver nuestros proyectos \u00faltimos proyectos [&hellip;]","og_url":"https:\/\/fzdarquitectura.com\/en\/portfolio\/","og_site_name":"FZD Arquitectura","article_modified_time":"2025-10-20T10:07:28+00:00","twitter_card":"summary_large_image","twitter_misc":{"Est. reading time":"2 minutes"},"schema":{"@context":"https:\/\/schema.org","@graph":[{"@type":"WebPage","@id":"https:\/\/fzdarquitectura.com\/portfolio\/","url":"https:\/\/fzdarquitectura.com\/portfolio\/","name":"Portfolio - FZD Arquitectura","isPartOf":{"@id":"https:\/\/fzdarquitectura.com\/#website"},"datePublished":"2025-10-07T09:35:33+00:00","dateModified":"2025-10-20T10:07:28+00:00","breadcrumb":{"@id":"https:\/\/fzdarquitectura.com\/portfolio\/#breadcrumb"},"inLanguage":"en-AU","potentialAction":[{"@type":"ReadAction","target":["https:\/\/fzdarquitectura.com\/portfolio\/"]}]},{"@type":"BreadcrumbList","@id":"https:\/\/fzdarquitectura.com\/portfolio\/#breadcrumb","itemListElement":[{"@type":"ListItem","position":1,"name":"Home","item":"https:\/\/fzdarquitectura.com\/"},{"@type":"ListItem","position":2,"name":"Portfolio"}]},{"@type":"WebSite","@id":"https:\/\/fzdarquitectura.com\/#website","url":"https:\/\/fzdarquitectura.com\/","name":"FZD Arquitectura","description":"FZD Arquitectura - Nuestro sitio web.","potentialAction":[{"@type":"SearchAction","target":{"@type":"EntryPoint","urlTemplate":"https:\/\/fzdarquitectura.com\/?s={search_term_string}"},"query-input":{"@type":"PropertyValueSpecification","valueRequired":true,"valueName":"search_term_string"}}],"inLanguage":"en-AU"}]}},"_links":{"self":[{"href":"https:\/\/fzdarquitectura.com\/en\/wp-json\/wp\/v2\/pages\/11","targetHints":{"allow":["GET"]}}],"collection":[{"href":"https:\/\/fzdarquitectura.com\/en\/wp-json\/wp\/v2\/pages"}],"about":[{"href":"https:\/\/fzdarquitectura.com\/en\/wp-json\/wp\/v2\/types\/page"}],"author":[{"embeddable":true,"href":"https:\/\/fzdarquitectura.com\/en\/wp-json\/wp\/v2\/users\/1"}],"replies":[{"embeddable":true,"href":"https:\/\/fzdarquitectura.com\/en\/wp-json\/wp\/v2\/comments?post=11"}],"version-history":[{"count":22,"href":"https:\/\/fzdarquitectura.com\/en\/wp-json\/wp\/v2\/pages\/11\/revisions"}],"predecessor-version":[{"id":302,"href":"https:\/\/fzdarquitectura.com\/en\/wp-json\/wp\/v2\/pages\/11\/revisions\/302"}],"wp:attachment":[{"href":"https:\/\/fzdarquitectura.com\/en\/wp-json\/wp\/v2\/media?parent=11"}],"curies":[{"name":"wp","href":"https:\/\/api.w.org\/{rel}","templated":true}]}}